{"id":2032,"date":"2025-12-18T18:27:09","date_gmt":"2025-12-18T18:27:09","guid":{"rendered":"https:\/\/medlinecapitalquote.ca\/accueil\/"},"modified":"2026-03-20T05:47:48","modified_gmt":"2026-03-20T05:47:48","slug":"accueil","status":"publish","type":"page","link":"https:\/\/medlinecapitalquote.ca\/fr\/","title":{"rendered":"Accueil"},"content":{"rendered":"<p><div class=\"fusion-fullwidth fullwidth-box fusion-builder-row-1 nonhundred-percent-fullwidth non-hundred-percent-height-scrolling\" style=\"--awb-border-radius-top-left:0px;--awb-border-radius-top-right:0px;--awb-border-radius-bottom-right:0px;--awb-border-radius-bottom-left:0px;--awb-flex-wrap:wrap;\" ><div class=\"fusion-builder-row fusion-row\"><div class=\"fusion-layout-column fusion_builder_column fusion-builder-column-0 fusion_builder_column_1_1 1_1 fusion-one-full fusion-column-first fusion-column-last\" style=\"--awb-bg-size:cover;\"><div class=\"fusion-column-wrapper fusion-flex-column-wrapper-legacy\"><div class=\"accordion-gallery\">\n\t<ul class=\"ul-width\" style=\"width: 16240px;\">\n\t\t\t\t<li>\n\t\t\t<a href=\"\/fr\/product-rooms\/exam-room\/\"><img decoding=\"async\" src=\"\/wp-content\/uploads\/2026\/01\/exam-room-home-banner.png\" alt=\"\"><\/a>   \n\t\t\t<span class=\"overlay\"><\/span>\n\t\t<\/li>\n<li>\n\t\t\t<a href=\"\/fr\/product-rooms\/surgery-center-operating-room\/\"><img decoding=\"async\" src=\"\/wp-content\/uploads\/2026\/01\/Surgery-Center-Operating-Room-Homepage-banner.webp\" alt=\"\"><\/a>\n\t\t\t<span class=\"overlay\"><\/span>     \n\t\t<\/li>\n\t\t\n\t\t            \n\t<\/ul>\n <\/div><div class=\"fusion-clearfix\"><\/div><\/div><\/div><\/div><\/div><div class=\"fusion-fullwidth fullwidth-box fusion-builder-row-2 nonhundred-percent-fullwidth non-hundred-percent-height-scrolling\" style=\"--awb-border-radius-top-left:0px;--awb-border-radius-top-right:0px;--awb-border-radius-bottom-right:0px;--awb-border-radius-bottom-left:0px;--awb-padding-top:4%;--awb-padding-right:7%;--awb-padding-bottom:2%;--awb-padding-left:7%;--awb-margin-top:0px;--awb-margin-bottom:0px;--awb-flex-wrap:wrap;\" ><div class=\"fusion-builder-row fusion-row\"><div class=\"fusion-layout-column fusion_builder_column fusion-builder-column-1 fusion_builder_column_1_1 1_1 fusion-one-full fusion-column-first fusion-column-last\" style=\"--awb-padding-top:20px;--awb-padding-right:6%;--awb-padding-bottom:20px;--awb-padding-left:6%;--awb-bg-color:#2f69b4;--awb-bg-color-hover:#2f69b4;--awb-bg-size:cover;--awb-margin-top:-150px;\"><div class=\"fusion-column-wrapper fusion-flex-column-wrapper-legacy\"><div class=\"fusion-text fusion-text-1\"><h1 style=\"text-align: center;\"><span style=\"color: #ffffff; font-size: 24px;\">Les \u00e9quipements m\u00e9dicaux lourds<\/span><\/h1>\n<p class=\"title\" style=\"font-family: 'Glober-Book'; font-size: 15px; line-height: 25px; text-align: center; color: #ffffff;\">Medline simplifie la planification et l&rsquo;approvisionnement des \u00e9quipements m\u00e9dicaux en toute confiance. Explorez notre vaste gamme d\u2019\u00e9quipements m\u00e9dicaux et de solutions de rangement, par pi\u00e8ce, par cat\u00e9gorie de produits ou par article sp\u00e9cifique. Nous vous proposerons plusieurs options de produits et vous recommanderons des produits compl\u00e9mentaires pour votre installation. Il vous suffit de s\u00e9lectionner ce dont vous avez besoin; nous vous fournirons ensuite une soumission pr\u00e9cise. Une fois celle\u2011ci approuv\u00e9e, notre \u00e9quipe d\u00e9di\u00e9e prend en charge l\u2019ensemble du processus \u2014 de la commande jusqu\u2019\u00e0 la livraison et \u00e0 l\u2019installation.<\/p>\n<\/div><div class=\"fusion-clearfix\"><\/div><\/div><\/div><\/div><\/div><div class=\"fusion-fullwidth fullwidth-box fusion-builder-row-3 fusion-flex-container has-pattern-background has-mask-background mobile-large-padd nonhundred-percent-fullwidth non-hundred-percent-height-scrolling\" style=\"--awb-border-radius-top-left:0px;--awb-border-radius-top-right:0px;--awb-border-radius-bottom-right:0px;--awb-border-radius-bottom-left:0px;--awb-padding-top:5%;--awb-padding-bottom:5%;--awb-padding-top-medium:5%;--awb-padding-bottom-medium:5%;--awb-padding-top-small:5%;--awb-padding-bottom-small:5%;--awb-background-color:#f2f2f2;--awb-flex-wrap:wrap;\" ><div class=\"fusion-builder-row fusion-row fusion-flex-align-items-flex-start fusion-flex-content-wrap\" style=\"max-width:1144px;margin-left: calc(-4% \/ 2 );margin-right: calc(-4% \/ 2 );\"><div class=\"fusion-layout-column fusion_builder_column fusion-builder-column-2 fusion_builder_column_1_2 1_2 fusion-flex-column\" style=\"--awb-padding-left:24%;--awb-padding-right-medium:7%;--awb-padding-left-medium:7%;--awb-padding-right-small:7%;--awb-padding-left-small:7%;--awb-bg-size:cover;--awb-width-large:50%;--awb-margin-top-large:0px;--awb-spacing-right-large:3.84%;--awb-margin-bottom-large:20px;--awb-spacing-left-large:3.84%;--awb-width-medium:100%;--awb-order-medium:0;--awb-spacing-right-medium:1.92%;--awb-spacing-left-medium:1.92%;--awb-width-small:100%;--awb-order-small:0;--awb-spacing-right-small:1.92%;--awb-spacing-left-small:1.92%;\" data-scroll-devices=\"small-visibility,medium-visibility,large-visibility\"><div class=\"fusion-column-wrapper fusion-column-has-shadow fusion-flex-justify-content-flex-start fusion-content-layout-column\"><div class=\"fusion-text fusion-text-2\"><h3 style=\"font-size: 24px; line-height: normal; color: #163d9f;\">Explorer les salles<\/h3>\n<div class=\"max-colls\"><span style=\"font-size: 14px;\">D\u00e9couvrez notre gamme de mat\u00e9riel m\u00e9dical lourd, parmi les plus performantes du secteur, adapt\u00e9e \u00e0 chaque espace de votre \u00e9tablissement.<\/span><\/div>\n<\/div><div style=\"text-align:left;\"><a class=\"fusion-button button-flat fusion-button-default-size button-custom fusion-button-default button-1 fusion-button-default-span fusion-button-default-type\" style=\"--button_accent_color:#ffffff;--button_accent_hover_color:#ffffff;--button_border_hover_color:#ffffff;--button_gradient_top_color:#009adf;--button_gradient_bottom_color:#009adf;--button_gradient_top_color_hover:#2f69b4;--button_gradient_bottom_color_hover:#2f69b4;--button_margin-top:20px;\" target=\"_self\" href=\"\/fr\/rooms\/\"><span class=\"fusion-button-text awb-button__text awb-button__text--default\">Explorer<\/span><\/a><\/div><\/div><\/div><div class=\"fusion-layout-column fusion_builder_column fusion-builder-column-3 fusion_builder_column_1_2 1_2 fusion-flex-column\" style=\"--awb-bg-size:cover;--awb-width-large:50%;--awb-margin-top-large:0px;--awb-spacing-right-large:3.84%;--awb-margin-bottom-large:20px;--awb-spacing-left-large:3.84%;--awb-width-medium:100%;--awb-order-medium:0;--awb-spacing-right-medium:1.92%;--awb-spacing-left-medium:1.92%;--awb-width-small:100%;--awb-order-small:0;--awb-spacing-right-small:1.92%;--awb-spacing-left-small:1.92%;\"><div class=\"fusion-column-wrapper fusion-column-has-shadow fusion-flex-justify-content-flex-start fusion-content-layout-column\"><div class=\"fusion-image-element \" style=\"text-align:center;--awb-caption-title-font-family:var(--h2_typography-font-family);--awb-caption-title-font-weight:var(--h2_typography-font-weight);--awb-caption-title-font-style:var(--h2_typography-font-style);--awb-caption-title-size:var(--h2_typography-font-size);--awb-caption-title-transform:var(--h2_typography-text-transform);--awb-caption-title-line-height:var(--h2_typography-line-height);--awb-caption-title-letter-spacing:var(--h2_typography-letter-spacing);\"><span class=\" fusion-imageframe imageframe-none imageframe-1 hover-type-zoomin\"><img decoding=\"async\" src=\"https:\/\/medlinecapitalquote.com\/wp-content\/uploads\/2022\/12\/home_ResidentRoom_Dec_22-300x172.png\" alt class=\"img-responsive wp-image-5931\"\/><\/span><\/div><\/div><\/div><\/div><\/div><div class=\"fusion-fullwidth fullwidth-box fusion-builder-row-4 fusion-flex-container has-pattern-background has-mask-background mobile-large-padd nonhundred-percent-fullwidth non-hundred-percent-height-scrolling\" style=\"--awb-border-radius-top-left:0px;--awb-border-radius-top-right:0px;--awb-border-radius-bottom-right:0px;--awb-border-radius-bottom-left:0px;--awb-padding-top:5%;--awb-padding-bottom:5%;--awb-padding-top-medium:5%;--awb-padding-bottom-medium:5%;--awb-padding-top-small:5%;--awb-padding-bottom-small:5%;--awb-flex-wrap:wrap;\" ><div class=\"fusion-builder-row fusion-row fusion-flex-align-items-flex-start fusion-flex-content-wrap\" style=\"max-width:1144px;margin-left: calc(-4% \/ 2 );margin-right: calc(-4% \/ 2 );\"><div class=\"fusion-layout-column fusion_builder_column fusion-builder-column-4 fusion_builder_column_1_2 1_2 fusion-flex-column\" style=\"--awb-padding-left:24%;--awb-padding-right-medium:7%;--awb-padding-left-medium:7%;--awb-padding-right-small:7%;--awb-padding-left-small:7%;--awb-bg-size:cover;--awb-width-large:50%;--awb-margin-top-large:0px;--awb-spacing-right-large:3.84%;--awb-margin-bottom-large:20px;--awb-spacing-left-large:3.84%;--awb-width-medium:100%;--awb-order-medium:1;--awb-spacing-right-medium:1.92%;--awb-spacing-left-medium:1.92%;--awb-width-small:100%;--awb-order-small:1;--awb-spacing-right-small:1.92%;--awb-spacing-left-small:1.92%;\" data-scroll-devices=\"small-visibility,medium-visibility,large-visibility\"><div class=\"fusion-column-wrapper fusion-column-has-shadow fusion-flex-justify-content-flex-start fusion-content-layout-column\"><div class=\"fusion-image-element \" style=\"text-align:center;--awb-max-width:400px;--awb-caption-title-font-family:var(--h2_typography-font-family);--awb-caption-title-font-weight:var(--h2_typography-font-weight);--awb-caption-title-font-style:var(--h2_typography-font-style);--awb-caption-title-size:var(--h2_typography-font-size);--awb-caption-title-transform:var(--h2_typography-text-transform);--awb-caption-title-line-height:var(--h2_typography-line-height);--awb-caption-title-letter-spacing:var(--h2_typography-letter-spacing);\"><span class=\" fusion-imageframe imageframe-none imageframe-2 hover-type-zoomin\"><img decoding=\"async\" width=\"786\" height=\"358\" src=\"https:\/\/medlinecapitalquote.ca\/wp-content\/uploads\/2026\/01\/FR_Quote_List_Image_Updated.webp\" alt class=\"img-responsive wp-image-2328\" srcset=\"https:\/\/medlinecapitalquote.ca\/wp-content\/uploads\/2026\/01\/FR_Quote_List_Image_Updated-200x91.webp 200w, https:\/\/medlinecapitalquote.ca\/wp-content\/uploads\/2026\/01\/FR_Quote_List_Image_Updated-300x137.webp 300w, https:\/\/medlinecapitalquote.ca\/wp-content\/uploads\/2026\/01\/FR_Quote_List_Image_Updated-400x182.webp 400w, https:\/\/medlinecapitalquote.ca\/wp-content\/uploads\/2026\/01\/FR_Quote_List_Image_Updated-600x273.webp 600w, https:\/\/medlinecapitalquote.ca\/wp-content\/uploads\/2026\/01\/FR_Quote_List_Image_Updated-768x350.webp 768w, https:\/\/medlinecapitalquote.ca\/wp-content\/uploads\/2026\/01\/FR_Quote_List_Image_Updated.webp 786w\" sizes=\"(max-width: 1024px) 100vw, (max-width: 640px) 100vw, 400px\" \/><\/span><\/div><\/div><\/div><div class=\"fusion-layout-column fusion_builder_column fusion-builder-column-5 fusion_builder_column_1_2 1_2 fusion-flex-column\" style=\"--awb-padding-right:7%;--awb-padding-left:7%;--awb-bg-size:cover;--awb-width-large:50%;--awb-margin-top-large:0px;--awb-spacing-right-large:3.84%;--awb-margin-bottom-large:20px;--awb-spacing-left-large:3.84%;--awb-width-medium:100%;--awb-order-medium:0;--awb-spacing-right-medium:1.92%;--awb-spacing-left-medium:1.92%;--awb-width-small:100%;--awb-order-small:0;--awb-spacing-right-small:1.92%;--awb-spacing-left-small:1.92%;\" data-scroll-devices=\"small-visibility,medium-visibility,large-visibility\"><div class=\"fusion-column-wrapper fusion-column-has-shadow fusion-flex-justify-content-flex-start fusion-content-layout-column\"><div class=\"fusion-text fusion-text-3\"><h3 style=\"font-size: 24px; line-height: normal; color: #163d9f;\">Demander un devis<\/h3>\n<div class=\"max-colls\"><span style=\"font-size: 14px;\">Demandez un devis directement via l\u2019outil en ligne. Notre \u00e9quipe de sp\u00e9cialistes produits vous fournira un prix pr\u00e9cis.<\/span><\/div>\n<\/div><div style=\"text-align:left;\"><a class=\"fusion-button button-flat fusion-button-default-size button-custom fusion-button-default button-2 fusion-button-default-span fusion-button-default-type\" style=\"--button_accent_color:#ffffff;--button_accent_hover_color:#ffffff;--button_border_hover_color:#ffffff;--button_gradient_top_color:#009adf;--button_gradient_bottom_color:#009adf;--button_gradient_top_color_hover:#2f69b4;--button_gradient_bottom_color_hover:#2f69b4;--button_margin-top:20px;\" target=\"_self\" href=\"\/fr\/quote-list\/\"><span class=\"fusion-button-text awb-button__text awb-button__text--default\">Voir votre devis<\/span><\/a><\/div><\/div><\/div><\/div><\/div><\/p>\n","protected":false},"excerpt":{"rendered":"","protected":false},"author":1,"featured_media":0,"parent":0,"menu_order":0,"comment_status":"closed","ping_status":"closed","template":"","meta":{"_acf_changed":false,"footnotes":""},"class_list":["post-2032","page","type-page","status-publish","hentry"],"acf":[],"_links":{"self":[{"href":"https:\/\/medlinecapitalquote.ca\/fr\/wp-json\/wp\/v2\/pages\/2032","targetHints":{"allow":["GET"]}}],"collection":[{"href":"https:\/\/medlinecapitalquote.ca\/fr\/wp-json\/wp\/v2\/pages"}],"about":[{"href":"https:\/\/medlinecapitalquote.ca\/fr\/wp-json\/wp\/v2\/types\/page"}],"author":[{"embeddable":true,"href":"https:\/\/medlinecapitalquote.ca\/fr\/wp-json\/wp\/v2\/users\/1"}],"replies":[{"embeddable":true,"href":"https:\/\/medlinecapitalquote.ca\/fr\/wp-json\/wp\/v2\/comments?post=2032"}],"version-history":[{"count":24,"href":"https:\/\/medlinecapitalquote.ca\/fr\/wp-json\/wp\/v2\/pages\/2032\/revisions"}],"predecessor-version":[{"id":2385,"href":"https:\/\/medlinecapitalquote.ca\/fr\/wp-json\/wp\/v2\/pages\/2032\/revisions\/2385"}],"wp:attachment":[{"href":"https:\/\/medlinecapitalquote.ca\/fr\/wp-json\/wp\/v2\/media?parent=2032"}],"curies":[{"name":"wp","href":"https:\/\/api.w.org\/{rel}","templated":true}]}}