{"id":1302,"date":"2025-12-25T04:26:21","date_gmt":"2025-12-25T04:26:21","guid":{"rendered":"https:\/\/medlinecapitalquote.ca\/products\/sphygmomanometre-aneroide-pour-tension-arterielle-serie-767-welch-allyn\/"},"modified":"2026-01-07T16:33:58","modified_gmt":"2026-01-07T16:33:58","slug":"sphygmomanometre-aneroide-pour-tension-arterielle-serie-767-welch-allyn","status":"publish","type":"product","link":"https:\/\/medlinecapitalquote.ca\/fr\/products\/sphygmomanometre-aneroide-pour-tension-arterielle-serie-767-welch-allyn\/","title":{"rendered":"Sphygmomanom\u00e8tre an\u00e9ro\u00efde pour tension art\u00e9rielle s\u00e9rie 767 Welch Allyn\u00ae"},"content":{"rendered":"<ul>\n<li>Pr\u00e9cision certifi\u00e9e \u00e0 \u00b13 mmHg<\/li>\n<li>Le mouvement bijoutier contribue \u00e0 une utilisation fiable \u00e0 long terme<\/li>\n<li>Le cadran encastr\u00e9 et grav\u00e9 au laser dot\u00e9 d\u2019un pointeur \u00e0 fort contraste offre une bonne visibilit\u00e9 et contribue \u00e0 r\u00e9duire les erreurs de parallaxe<\/li>\n<li>Les unit\u00e9s mobiles sont \u00e9quip\u00e9es d&rsquo;un support \u00e0 5 pieds pour la stabilit\u00e9 et la maniabilit\u00e9, et les unit\u00e9s murales sont dot\u00e9es d&rsquo;un panier de rangement int\u00e9gr\u00e9 pour ranger les brassards quand ils ne sont pas utilis\u00e9s<\/li>\n<li>Mesures pr\u00e9cises et fiables de la tension art\u00e9rielle<\/li>\n<\/ul>\n","protected":false},"excerpt":{"rendered":"<p>Pr\u00e9cision certifi\u00e9e \u00e0 \u00b13 mmHg Le mouvement bijoutier contribue \u00e0  [&#8230;]<\/p>\n","protected":false},"author":5,"featured_media":985,"template":"","product-categories":[194],"product-rooms":[74],"product-variations":[649,648,92],"clients":[],"class_list":["post-1302","product","type-product","status-publish","has-post-thumbnail","hentry","product_cat-blood-pressure-fr","product_room-exam-room-fr","product_variation-avec-support-mobile","product_variation-support-mural","product_variation-configuration-fr"],"acf":[],"_links":{"self":[{"href":"https:\/\/medlinecapitalquote.ca\/fr\/wp-json\/wp\/v2\/products\/1302","targetHints":{"allow":["GET"]}}],"collection":[{"href":"https:\/\/medlinecapitalquote.ca\/fr\/wp-json\/wp\/v2\/products"}],"about":[{"href":"https:\/\/medlinecapitalquote.ca\/fr\/wp-json\/wp\/v2\/types\/product"}],"author":[{"embeddable":true,"href":"https:\/\/medlinecapitalquote.ca\/fr\/wp-json\/wp\/v2\/users\/5"}],"wp:featuredmedia":[{"embeddable":true,"href":"https:\/\/medlinecapitalquote.ca\/fr\/wp-json\/wp\/v2\/media\/985"}],"wp:attachment":[{"href":"https:\/\/medlinecapitalquote.ca\/fr\/wp-json\/wp\/v2\/media?parent=1302"}],"wp:term":[{"taxonomy":"product_cat","embeddable":true,"href":"https:\/\/medlinecapitalquote.ca\/fr\/wp-json\/wp\/v2\/product-categories?post=1302"},{"taxonomy":"product_room","embeddable":true,"href":"https:\/\/medlinecapitalquote.ca\/fr\/wp-json\/wp\/v2\/product-rooms?post=1302"},{"taxonomy":"product_variation","embeddable":true,"href":"https:\/\/medlinecapitalquote.ca\/fr\/wp-json\/wp\/v2\/product-variations?post=1302"},{"taxonomy":"client","embeddable":true,"href":"https:\/\/medlinecapitalquote.ca\/fr\/wp-json\/wp\/v2\/clients?post=1302"}],"curies":[{"name":"wp","href":"https:\/\/api.w.org\/{rel}","templated":true}]}}