{"id":1376,"date":"2025-12-25T12:03:32","date_gmt":"2025-12-25T12:03:32","guid":{"rendered":"https:\/\/medlinecapitalquote.ca\/products\/systeme-de-diagnostic-mural-integre-green-series-777-welch-allyn\/"},"modified":"2026-01-27T10:19:46","modified_gmt":"2026-01-27T10:19:46","slug":"systeme-de-diagnostic-mural-integre-green-series-777-welch-allyn","status":"publish","type":"product","link":"https:\/\/medlinecapitalquote.ca\/fr\/products\/systeme-de-diagnostic-mural-integre-green-series-777-welch-allyn\/","title":{"rendered":"Syst\u00e8me de diagnostic mural int\u00e9gr\u00e9 Green Series\u2122 777 Welch Allyn\u00ae"},"content":{"rendered":"<ul>\n<li>Comprend les outils d&rsquo;examen et les dispositifs de mesure des signes vitaux n\u00e9cessaires pour mesurer la tension art\u00e9rielle, la temp\u00e9rature et la SpO2 des patients<\/li>\n<li>Comprend des ophtalmoscopes et des otoscopes dans diff\u00e9rentes configurations<\/li>\n<li>Les poign\u00e9es s&rsquo;allument et s&rsquo;\u00e9teignent automatiquement pour am\u00e9liorer le flux de travail et \u00e9conomiser de l&rsquo;\u00e9nergie<\/li>\n<li>De multiples configurations permettent de trouver le meilleur choix pour le cabinet ou la clinique<\/li>\n<\/ul>\n","protected":false},"excerpt":{"rendered":"<p>Comprend les outils d&rsquo;examen et les dispositifs de mesure des  [&#8230;]<\/p>\n","protected":false},"author":5,"featured_media":989,"template":"","product-categories":[73],"product-rooms":[74],"product-variations":[656,654,655,653,615,612,598,1103,1102,617,616,1104,610,621,92],"clients":[],"class_list":["post-1376","product","type-product","status-publish","has-post-thumbnail","hentry","product_cat-diagnostic-fr","product_room-exam-room-fr","product_variation-avec-ophtalmoscope-a-del-coaxial-et-otoscope-a-del-macroview-basic","product_variation-avec-ophtalmoscope-a-del-coaxial-otoscope-a-del-macroview-basic-aneroide-bp-distributeur-de-speculums-auriculaires","product_variation-avec-ophtalmoscope-a-del-coaxial-otoscope-a-del-macroview-basic-distributeur-de-speculums-auriculaires","product_variation-avec-ophtalmoscope-a-del-coaxial-otoscope-a-del-macroview-basic-tensiometre-aneroide-distributeur-de-speculums-auriculaires-thermometre-suretemp-fr","product_variation-avec-ophtalmoscope-a-del-panoptic-basic-otoscope-a-del-macroview-basic-fr","product_variation-avec-ophtalmoscope-a-del-panoptic-basic-otoscope-a-del-macroview-basic-distributeur-de-speculums-auriculaires","product_variation-avec-ophtalmoscope-a-del-panoptic-basic-otoscope-a-del-macroview-basic-tensiometre-aneroide-distributeur-de-speculums-auriculaires","product_variation-avec-ophtalmoscope-a-del-panoptic-plus-otoscope-a-del-macroview-basic-distributeur-de-speculums-auriculaires","product_variation-avec-ophtalmoscope-a-del-panoptic-plus-otoscope-a-del-macroview-basic-distributeur-de-speculums-auriculaires-thermometre-suretemp","product_variation-avec-ophtalmoscope-a-del-panoptic-plus-otoscope-a-del-macroview-basic-tensiometre-aneroide-distributeur-de-speculums-auriculaires","product_variation-avec-ophtalmoscope-a-del-panoptic-plus-otoscope-a-del-macroview-basic-tensiometre-aneroide-distributeur-de-speculums-auriculaires-thermometre-suretemp-fr","product_variation-avec-ophtalmoscope-a-del-panoptic-plus-otoscope-a-del-macroview-plus-pour-iexaminer-avec-accessoire-smartbracket-iexaminer","product_variation-avec-ophtalmoscope-a-del-panoptic-otoscope-a-del-macroview-basic-tensiometre-aneroide-distributeur-de-speculums-auriculaires-thermometre-suretemp","product_variation-avec-otoscope-a-del-macroview-plus-pour-iexaminer-et-distributeur-de-speculums-auriculaires","product_variation-configuration-fr"],"acf":[],"_links":{"self":[{"href":"https:\/\/medlinecapitalquote.ca\/fr\/wp-json\/wp\/v2\/products\/1376","targetHints":{"allow":["GET"]}}],"collection":[{"href":"https:\/\/medlinecapitalquote.ca\/fr\/wp-json\/wp\/v2\/products"}],"about":[{"href":"https:\/\/medlinecapitalquote.ca\/fr\/wp-json\/wp\/v2\/types\/product"}],"author":[{"embeddable":true,"href":"https:\/\/medlinecapitalquote.ca\/fr\/wp-json\/wp\/v2\/users\/5"}],"wp:featuredmedia":[{"embeddable":true,"href":"https:\/\/medlinecapitalquote.ca\/fr\/wp-json\/wp\/v2\/media\/989"}],"wp:attachment":[{"href":"https:\/\/medlinecapitalquote.ca\/fr\/wp-json\/wp\/v2\/media?parent=1376"}],"wp:term":[{"taxonomy":"product_cat","embeddable":true,"href":"https:\/\/medlinecapitalquote.ca\/fr\/wp-json\/wp\/v2\/product-categories?post=1376"},{"taxonomy":"product_room","embeddable":true,"href":"https:\/\/medlinecapitalquote.ca\/fr\/wp-json\/wp\/v2\/product-rooms?post=1376"},{"taxonomy":"product_variation","embeddable":true,"href":"https:\/\/medlinecapitalquote.ca\/fr\/wp-json\/wp\/v2\/product-variations?post=1376"},{"taxonomy":"client","embeddable":true,"href":"https:\/\/medlinecapitalquote.ca\/fr\/wp-json\/wp\/v2\/clients?post=1376"}],"curies":[{"name":"wp","href":"https:\/\/api.w.org\/{rel}","templated":true}]}}