{"id":1377,"date":"2025-12-25T12:19:16","date_gmt":"2025-12-25T12:19:16","guid":{"rendered":"https:\/\/medlinecapitalquote.ca\/products\/systeme-declairage-avec-fil-pour-speculum-vaginal-kleenspec-789-welch-allyn\/"},"modified":"2026-01-07T16:33:56","modified_gmt":"2026-01-07T16:33:56","slug":"systeme-declairage-avec-fil-pour-speculum-vaginal-kleenspec-789-welch-allyn","status":"publish","type":"product","link":"https:\/\/medlinecapitalquote.ca\/fr\/products\/systeme-declairage-avec-fil-pour-speculum-vaginal-kleenspec-789-welch-allyn\/","title":{"rendered":"Syst\u00e8me d\u2019\u00e9clairage avec fil pour sp\u00e9culum vaginal KleenSpec\u00ae 789 Welch Allyn\u00ae"},"content":{"rendered":"<ul>\n<li>La lumi\u00e8re halog\u00e8ne fournit un \u00e9clairage brillant et durable \u00e0 la zone d&rsquo;examen ou de proc\u00e9dure<\/li>\n<li>Id\u00e9al pour les \u00e9tablissements qui n\u00e9cessitent un syst\u00e8me d&rsquo;\u00e9clairage \u00e0 haute distinction<\/li>\n<\/ul>\n","protected":false},"excerpt":{"rendered":"<p>La lumi\u00e8re halog\u00e8ne fournit un \u00e9clairage brillant et durable \u00e0  [&#8230;]<\/p>\n","protected":false},"author":5,"featured_media":1017,"template":"","product-categories":[458],"product-rooms":[74],"product-variations":[657,92],"clients":[],"class_list":["post-1377","product","type-product","status-publish","has-post-thumbnail","hentry","product_cat-other-diagnostic-fr","product_room-exam-room-fr","product_variation-avec-interrupteur-marche-arret","product_variation-configuration-fr"],"acf":[],"_links":{"self":[{"href":"https:\/\/medlinecapitalquote.ca\/fr\/wp-json\/wp\/v2\/products\/1377","targetHints":{"allow":["GET"]}}],"collection":[{"href":"https:\/\/medlinecapitalquote.ca\/fr\/wp-json\/wp\/v2\/products"}],"about":[{"href":"https:\/\/medlinecapitalquote.ca\/fr\/wp-json\/wp\/v2\/types\/product"}],"author":[{"embeddable":true,"href":"https:\/\/medlinecapitalquote.ca\/fr\/wp-json\/wp\/v2\/users\/5"}],"wp:featuredmedia":[{"embeddable":true,"href":"https:\/\/medlinecapitalquote.ca\/fr\/wp-json\/wp\/v2\/media\/1017"}],"wp:attachment":[{"href":"https:\/\/medlinecapitalquote.ca\/fr\/wp-json\/wp\/v2\/media?parent=1377"}],"wp:term":[{"taxonomy":"product_cat","embeddable":true,"href":"https:\/\/medlinecapitalquote.ca\/fr\/wp-json\/wp\/v2\/product-categories?post=1377"},{"taxonomy":"product_room","embeddable":true,"href":"https:\/\/medlinecapitalquote.ca\/fr\/wp-json\/wp\/v2\/product-rooms?post=1377"},{"taxonomy":"product_variation","embeddable":true,"href":"https:\/\/medlinecapitalquote.ca\/fr\/wp-json\/wp\/v2\/product-variations?post=1377"},{"taxonomy":"client","embeddable":true,"href":"https:\/\/medlinecapitalquote.ca\/fr\/wp-json\/wp\/v2\/clients?post=1377"}],"curies":[{"name":"wp","href":"https:\/\/api.w.org\/{rel}","templated":true}]}}