{"id":1378,"date":"2025-12-25T12:23:51","date_gmt":"2025-12-25T12:23:51","guid":{"rendered":"https:\/\/medlinecapitalquote.ca\/products\/illuminateur-de-speculums-kleenspec-serie-800\/"},"modified":"2026-01-07T16:33:54","modified_gmt":"2026-01-07T16:33:54","slug":"illuminateur-de-speculums-kleenspec-serie-800","status":"publish","type":"product","link":"https:\/\/medlinecapitalquote.ca\/fr\/products\/illuminateur-de-speculums-kleenspec-serie-800\/","title":{"rendered":"Illuminateur de sp\u00e9culums KleenSpec s\u00e9rie 800"},"content":{"rendered":"<ul>\n<li>La source de lumi\u00e8re DEL compacte produit un \u00e9clairage homog\u00e8ne qui am\u00e9liore la visualisation de la zone d&rsquo;examen<\/li>\n<li>Produit moins de chaleur que les lampes traditionnelles, ce qui am\u00e9liore le confort<\/li>\n<li>Aucun remplacement d&rsquo;ampoule n\u00e9cessaire<\/li>\n<li>Aucun probl\u00e8me de cordon<\/li>\n<li>Gaine protectrice \u00e0 usage unique disponible pour aider \u00e0 r\u00e9duire la contamination crois\u00e9e<\/li>\n<li>Bouton marche\/arr\u00eat<\/li>\n<\/ul>\n","protected":false},"excerpt":{"rendered":"<p>La source de lumi\u00e8re DEL compacte produit un \u00e9clairage homog\u00e8ne  [&#8230;]<\/p>\n","protected":false},"author":5,"featured_media":1019,"template":"","product-categories":[458],"product-rooms":[74],"product-variations":[637,636,92],"clients":[],"class_list":["post-1378","product","type-product","status-publish","has-post-thumbnail","hentry","product_cat-other-diagnostic-fr","product_room-exam-room-fr","product_variation-illuminateur-de-manche-lumineux-et-station-de-recharge","product_variation-illuminateur-de-manche-lumineux-seulement","product_variation-configuration-fr"],"acf":[],"_links":{"self":[{"href":"https:\/\/medlinecapitalquote.ca\/fr\/wp-json\/wp\/v2\/products\/1378","targetHints":{"allow":["GET"]}}],"collection":[{"href":"https:\/\/medlinecapitalquote.ca\/fr\/wp-json\/wp\/v2\/products"}],"about":[{"href":"https:\/\/medlinecapitalquote.ca\/fr\/wp-json\/wp\/v2\/types\/product"}],"author":[{"embeddable":true,"href":"https:\/\/medlinecapitalquote.ca\/fr\/wp-json\/wp\/v2\/users\/5"}],"wp:featuredmedia":[{"embeddable":true,"href":"https:\/\/medlinecapitalquote.ca\/fr\/wp-json\/wp\/v2\/media\/1019"}],"wp:attachment":[{"href":"https:\/\/medlinecapitalquote.ca\/fr\/wp-json\/wp\/v2\/media?parent=1378"}],"wp:term":[{"taxonomy":"product_cat","embeddable":true,"href":"https:\/\/medlinecapitalquote.ca\/fr\/wp-json\/wp\/v2\/product-categories?post=1378"},{"taxonomy":"product_room","embeddable":true,"href":"https:\/\/medlinecapitalquote.ca\/fr\/wp-json\/wp\/v2\/product-rooms?post=1378"},{"taxonomy":"product_variation","embeddable":true,"href":"https:\/\/medlinecapitalquote.ca\/fr\/wp-json\/wp\/v2\/product-variations?post=1378"},{"taxonomy":"client","embeddable":true,"href":"https:\/\/medlinecapitalquote.ca\/fr\/wp-json\/wp\/v2\/clients?post=1378"}],"curies":[{"name":"wp","href":"https:\/\/api.w.org\/{rel}","templated":true}]}}