{"id":1379,"date":"2025-12-25T12:27:34","date_gmt":"2025-12-25T12:27:34","guid":{"rendered":"https:\/\/medlinecapitalquote.ca\/products\/moniteur-ambulatoire-de-pression-arterielle-abpm-7100-welch-allyn\/"},"modified":"2026-01-07T16:33:45","modified_gmt":"2026-01-07T16:33:45","slug":"moniteur-ambulatoire-de-pression-arterielle-abpm-7100-welch-allyn","status":"publish","type":"product","link":"https:\/\/medlinecapitalquote.ca\/fr\/products\/moniteur-ambulatoire-de-pression-arterielle-abpm-7100-welch-allyn\/","title":{"rendered":"Moniteur ambulatoire de pression art\u00e9rielle  ABPM 7100 Welch Allyn\u00ae"},"content":{"rendered":"<ul>\n<li>Facile \u00e0 utiliser,  l\u00e9ger, petit et silencieux pour un confort accru du patient<\/li>\n<li>Permet d\u2019\u00e9viter l\u2019hypertension r\u00e9actionnelle, de prendre des mesures pr\u00e9cises durant le sommeil et d\u2019adapter les r\u00e9gimes th\u00e9rapeutiques aux besoins de chaque patient<\/li>\n<li>Le logiciel permet d&rsquo;examiner, 24 heures sur 24, les mesures plus efficacement afin de diagnostiquer les complications possibles du patient Peut aider \u00e0 am\u00e9liorer la prise en charge de la tension art\u00e9rielle pour les patients et l&rsquo;efficacit\u00e9 du suivi \u00e0 l&rsquo;ext\u00e9rieur du cabinet<\/li>\n<li>Inclus: \u00e9tui, c\u00e2ble d\u2019interface USB et 2 brassards inclus : grandeurs Adulte (11) et Adulte long (11L)<\/li>\n<li>Fonctionne \u00e0 l\u2019aide de 4 piles AA incluses <\/li>\n<\/ul>\n","protected":false},"excerpt":{"rendered":"<p>Facile \u00e0 utiliser, l\u00e9ger, petit et silencieux pour un confort  [&#8230;]<\/p>\n","protected":false},"author":5,"featured_media":1024,"template":"","product-categories":[445],"product-rooms":[74],"product-variations":[659,658,92],"clients":[],"class_list":["post-1379","product","type-product","status-publish","has-post-thumbnail","hentry","product_cat-ecg-spirometers-and-electrodes-fr","product_room-exam-room-fr","product_variation-avec-logiciel-cardio-perfectworkstation","product_variation-avec-logiciel-hypertension-management-software-hms","product_variation-configuration-fr"],"acf":[],"_links":{"self":[{"href":"https:\/\/medlinecapitalquote.ca\/fr\/wp-json\/wp\/v2\/products\/1379","targetHints":{"allow":["GET"]}}],"collection":[{"href":"https:\/\/medlinecapitalquote.ca\/fr\/wp-json\/wp\/v2\/products"}],"about":[{"href":"https:\/\/medlinecapitalquote.ca\/fr\/wp-json\/wp\/v2\/types\/product"}],"author":[{"embeddable":true,"href":"https:\/\/medlinecapitalquote.ca\/fr\/wp-json\/wp\/v2\/users\/5"}],"wp:featuredmedia":[{"embeddable":true,"href":"https:\/\/medlinecapitalquote.ca\/fr\/wp-json\/wp\/v2\/media\/1024"}],"wp:attachment":[{"href":"https:\/\/medlinecapitalquote.ca\/fr\/wp-json\/wp\/v2\/media?parent=1379"}],"wp:term":[{"taxonomy":"product_cat","embeddable":true,"href":"https:\/\/medlinecapitalquote.ca\/fr\/wp-json\/wp\/v2\/product-categories?post=1379"},{"taxonomy":"product_room","embeddable":true,"href":"https:\/\/medlinecapitalquote.ca\/fr\/wp-json\/wp\/v2\/product-rooms?post=1379"},{"taxonomy":"product_variation","embeddable":true,"href":"https:\/\/medlinecapitalquote.ca\/fr\/wp-json\/wp\/v2\/product-variations?post=1379"},{"taxonomy":"client","embeddable":true,"href":"https:\/\/medlinecapitalquote.ca\/fr\/wp-json\/wp\/v2\/clients?post=1379"}],"curies":[{"name":"wp","href":"https:\/\/api.w.org\/{rel}","templated":true}]}}