{"id":1381,"date":"2025-12-25T04:14:39","date_gmt":"2025-12-25T04:14:39","guid":{"rendered":"https:\/\/medlinecapitalquote.ca\/products\/support-mural-pour-contenant-de-caviwipes\/"},"modified":"2025-12-31T04:57:19","modified_gmt":"2025-12-31T04:57:19","slug":"support-mural-pour-contenant-de-caviwipes","status":"publish","type":"product","link":"https:\/\/medlinecapitalquote.ca\/fr\/products\/support-mural-pour-contenant-de-caviwipes\/","title":{"rendered":"Support mural pour contenant de CaviWipes"},"content":{"rendered":"<ul>\n<li>M\u00e9tal blanc<\/li>\n<li>Con\u00e7u pour \u00eatre utilis\u00e9 avec les lingettes CaviWipes et CaviWipes1<\/li>\n<li>Aide \u00e0 garder les lingettes \u00e0 port\u00e9e de main<\/li>\n<\/ul>\n","protected":false},"excerpt":{"rendered":"<p>M\u00e9tal blanc Con\u00e7u pour \u00eatre utilis\u00e9 avec les lingettes CaviWipes  [&#8230;]<\/p>\n","protected":false},"author":3,"featured_media":1240,"template":"","product-categories":[446],"product-rooms":[198,74],"product-variations":[],"clients":[],"class_list":["post-1381","product","type-product","status-publish","has-post-thumbnail","hentry","product_cat-evs-dispensors-fr","product_room-surgery-centre-operating-room-fr","product_room-exam-room-fr"],"acf":[],"_links":{"self":[{"href":"https:\/\/medlinecapitalquote.ca\/fr\/wp-json\/wp\/v2\/products\/1381","targetHints":{"allow":["GET"]}}],"collection":[{"href":"https:\/\/medlinecapitalquote.ca\/fr\/wp-json\/wp\/v2\/products"}],"about":[{"href":"https:\/\/medlinecapitalquote.ca\/fr\/wp-json\/wp\/v2\/types\/product"}],"author":[{"embeddable":true,"href":"https:\/\/medlinecapitalquote.ca\/fr\/wp-json\/wp\/v2\/users\/3"}],"wp:featuredmedia":[{"embeddable":true,"href":"https:\/\/medlinecapitalquote.ca\/fr\/wp-json\/wp\/v2\/media\/1240"}],"wp:attachment":[{"href":"https:\/\/medlinecapitalquote.ca\/fr\/wp-json\/wp\/v2\/media?parent=1381"}],"wp:term":[{"taxonomy":"product_cat","embeddable":true,"href":"https:\/\/medlinecapitalquote.ca\/fr\/wp-json\/wp\/v2\/product-categories?post=1381"},{"taxonomy":"product_room","embeddable":true,"href":"https:\/\/medlinecapitalquote.ca\/fr\/wp-json\/wp\/v2\/product-rooms?post=1381"},{"taxonomy":"product_variation","embeddable":true,"href":"https:\/\/medlinecapitalquote.ca\/fr\/wp-json\/wp\/v2\/product-variations?post=1381"},{"taxonomy":"client","embeddable":true,"href":"https:\/\/medlinecapitalquote.ca\/fr\/wp-json\/wp\/v2\/clients?post=1381"}],"curies":[{"name":"wp","href":"https:\/\/api.w.org\/{rel}","templated":true}]}}