{"id":1384,"date":"2025-12-25T12:33:10","date_gmt":"2025-12-25T12:33:10","guid":{"rendered":"https:\/\/medlinecapitalquote.ca\/products\/ecg-au-repos-welch-allyn-avec-diagnostic-cardiology-suite\/"},"modified":"2026-01-07T16:33:43","modified_gmt":"2026-01-07T16:33:43","slug":"ecg-au-repos-welch-allyn-avec-diagnostic-cardiology-suite","status":"publish","type":"product","link":"https:\/\/medlinecapitalquote.ca\/fr\/products\/ecg-au-repos-welch-allyn-avec-diagnostic-cardiology-suite\/","title":{"rendered":"ECG au repos Welch Allyn\u00ae avec Diagnostic Cardiology Suite\u2122"},"content":{"rendered":"<ul>\n<li>La technologie \u00ab Best 10 \u00bb permet de capturer les 10 meilleures secondes de l&rsquo;ECG enregistr\u00e9 dans la m\u00e9moire du syst\u00e8me, \u00e9liminant ainsi la n\u00e9cessit\u00e9 de r\u00e9p\u00e9ter les ECG<\/li>\n<li>L&rsquo;algorithme VERITAS limite le filtrage afin de ne pas sacrifier des donn\u00e9es de forme d&rsquo;onde qui pourraient sauver des vies<\/li>\n<li>Le module d&rsquo;acquisition sans fil WAM offre un enregistrement d&rsquo;ECG facile et efficace, sans c\u00e2ble entre le patient et l\u2019ordinateur personnel<\/li>\n<li>Lancement direct de Connex Cardio \u00e0 partir du syst\u00e8me de DME pour capturer et enregistrer un ECG en seulement deux clics<\/li>\n<li>Format facile \u00e0 comprendre<\/li>\n<\/ul>\n","protected":false},"excerpt":{"rendered":"<p>La technologie \u00ab Best 10 \u00bb permet de capturer les  [&#8230;]<\/p>\n","protected":false},"author":5,"featured_media":1030,"template":"","product-categories":[445],"product-rooms":[198],"product-variations":[664,662,661,92],"clients":[],"class_list":["post-1384","product","type-product","status-publish","has-post-thumbnail","hentry","product_cat-ecg-spirometers-and-electrodes-fr","product_room-surgery-centre-operating-room-fr","product_variation-am-sans-fil-fr","product_variation-am-sans-fil-connectivite-dicom","product_variation-cable-am12","product_variation-configuration-fr"],"acf":[],"_links":{"self":[{"href":"https:\/\/medlinecapitalquote.ca\/fr\/wp-json\/wp\/v2\/products\/1384","targetHints":{"allow":["GET"]}}],"collection":[{"href":"https:\/\/medlinecapitalquote.ca\/fr\/wp-json\/wp\/v2\/products"}],"about":[{"href":"https:\/\/medlinecapitalquote.ca\/fr\/wp-json\/wp\/v2\/types\/product"}],"author":[{"embeddable":true,"href":"https:\/\/medlinecapitalquote.ca\/fr\/wp-json\/wp\/v2\/users\/5"}],"wp:featuredmedia":[{"embeddable":true,"href":"https:\/\/medlinecapitalquote.ca\/fr\/wp-json\/wp\/v2\/media\/1030"}],"wp:attachment":[{"href":"https:\/\/medlinecapitalquote.ca\/fr\/wp-json\/wp\/v2\/media?parent=1384"}],"wp:term":[{"taxonomy":"product_cat","embeddable":true,"href":"https:\/\/medlinecapitalquote.ca\/fr\/wp-json\/wp\/v2\/product-categories?post=1384"},{"taxonomy":"product_room","embeddable":true,"href":"https:\/\/medlinecapitalquote.ca\/fr\/wp-json\/wp\/v2\/product-rooms?post=1384"},{"taxonomy":"product_variation","embeddable":true,"href":"https:\/\/medlinecapitalquote.ca\/fr\/wp-json\/wp\/v2\/product-variations?post=1384"},{"taxonomy":"client","embeddable":true,"href":"https:\/\/medlinecapitalquote.ca\/fr\/wp-json\/wp\/v2\/clients?post=1384"}],"curies":[{"name":"wp","href":"https:\/\/api.w.org\/{rel}","templated":true}]}}