{"id":1387,"date":"2025-12-25T04:00:47","date_gmt":"2025-12-25T04:00:47","guid":{"rendered":"https:\/\/medlinecapitalquote.ca\/products\/doppler-avec-ecran-imex-elite-200-batterie-alcaline\/"},"modified":"2026-01-09T12:51:19","modified_gmt":"2026-01-09T12:51:19","slug":"doppler-avec-ecran-imex-elite-200-batterie-alcaline","status":"publish","type":"product","link":"https:\/\/medlinecapitalquote.ca\/fr\/products\/doppler-avec-ecran-imex-elite-200-batterie-alcaline\/","title":{"rendered":"Doppler avec \u00e9cran Imex\u00ae Elite 200, batterie alcaline"},"content":{"rendered":"<ul>\n<li>Affichage num\u00e9rique pratique<\/li>\n<li>Batterie rechargeable<\/li>\n<li>Lecture num\u00e9rique facultative utilisant l\u2019auto-corr\u00e9lation, une technique de reconnaissance de formes qui permet de suivre avec pr\u00e9cision la fr\u00e9quence cardiaque<\/li>\n<\/ul>\n","protected":false},"excerpt":{"rendered":"<p>Affichage num\u00e9rique pratique Batterie rechargeable Lecture num\u00e9rique facultative utilisant l\u2019auto-corr\u00e9lation,  [&#8230;]<\/p>\n","protected":false},"author":3,"featured_media":2161,"template":"","product-categories":[72],"product-rooms":[74],"product-variations":[199,480,482,92],"clients":[],"class_list":["post-1387","product","type-product","status-publish","has-post-thumbnail","hentry","product_cat-ultrasound-and-dopplers-fr","product_room-exam-room-fr","product_variation-2-sondes-obstetricales-sonde-vasculaire-3-mhz-batterie-alcaline","product_variation-sonde-obstetricale-3-mhz-batterie-alcaline-fr","product_variation-sonde-vasculaire-8-mhz-batterie-alcaline","product_variation-configuration-fr"],"acf":[],"_links":{"self":[{"href":"https:\/\/medlinecapitalquote.ca\/fr\/wp-json\/wp\/v2\/products\/1387","targetHints":{"allow":["GET"]}}],"collection":[{"href":"https:\/\/medlinecapitalquote.ca\/fr\/wp-json\/wp\/v2\/products"}],"about":[{"href":"https:\/\/medlinecapitalquote.ca\/fr\/wp-json\/wp\/v2\/types\/product"}],"author":[{"embeddable":true,"href":"https:\/\/medlinecapitalquote.ca\/fr\/wp-json\/wp\/v2\/users\/3"}],"wp:featuredmedia":[{"embeddable":true,"href":"https:\/\/medlinecapitalquote.ca\/fr\/wp-json\/wp\/v2\/media\/2161"}],"wp:attachment":[{"href":"https:\/\/medlinecapitalquote.ca\/fr\/wp-json\/wp\/v2\/media?parent=1387"}],"wp:term":[{"taxonomy":"product_cat","embeddable":true,"href":"https:\/\/medlinecapitalquote.ca\/fr\/wp-json\/wp\/v2\/product-categories?post=1387"},{"taxonomy":"product_room","embeddable":true,"href":"https:\/\/medlinecapitalquote.ca\/fr\/wp-json\/wp\/v2\/product-rooms?post=1387"},{"taxonomy":"product_variation","embeddable":true,"href":"https:\/\/medlinecapitalquote.ca\/fr\/wp-json\/wp\/v2\/product-variations?post=1387"},{"taxonomy":"client","embeddable":true,"href":"https:\/\/medlinecapitalquote.ca\/fr\/wp-json\/wp\/v2\/clients?post=1387"}],"curies":[{"name":"wp","href":"https:\/\/api.w.org\/{rel}","templated":true}]}}