{"id":1388,"date":"2025-12-25T12:39:58","date_gmt":"2025-12-25T12:39:58","guid":{"rendered":"https:\/\/medlinecapitalquote.ca\/products\/electrocardiographe-dinterpretation-welch-allyn-cp-150\/"},"modified":"2026-01-07T16:33:39","modified_gmt":"2026-01-07T16:33:39","slug":"electrocardiographe-dinterpretation-welch-allyn-cp-150","status":"publish","type":"product","link":"https:\/\/medlinecapitalquote.ca\/fr\/products\/electrocardiographe-dinterpretation-welch-allyn-cp-150\/","title":{"rendered":"\u00c9lectrocardiographe d&rsquo;interpr\u00e9tation Welch Allyn\u00ae CP 150\u2122"},"content":{"rendered":"<ul>\n<li>\u00c9cran tactile couleur de 7 po qui facilite la saisie des donn\u00e9es du patient<\/li>\n<li>Pr\u00e9visualisation des rapports ECG avant l&rsquo;impression, ce qui permet de gagner du temps et de r\u00e9duire les co\u00fbts li\u00e9s au papier<\/li>\n<li>Fonctionnement avec batterie pour faciliter le transport vers les patients<\/li>\n<li>Connectivit\u00e9 au DME simplifi\u00e9e sans interface compliqu\u00e9e; la mise en marche instantan\u00e9e de l&rsquo;appareil permet de r\u00e9aliser un ECG en un rien de temps<\/li>\n<li>Permet de conserver jusqu&rsquo;\u00e0 100 r\u00e9sultats de tests sur l&rsquo;appareil ou les transf\u00e9rer sur une cl\u00e9 USB<\/li>\n<li>Combine les fonctions traditionnelles de l&rsquo;ECG \u00e0 une interface tactile simple, une utilisation rapide \u00e0 l&rsquo;aide d&rsquo;un seul bouton et des options de connectivit\u00e9 flexibles pour assurer productivit\u00e9 et pr\u00e9cision<\/li>\n<\/ul>\n","protected":false},"excerpt":{"rendered":"<p>\u00c9cran tactile couleur de 7 po qui facilite la saisie  [&#8230;]<\/p>\n","protected":false},"author":5,"featured_media":1036,"template":"","product-categories":[445],"product-rooms":[198],"product-variations":[665,92],"clients":[],"class_list":["post-1388","product","type-product","status-publish","has-post-thumbnail","hentry","product_cat-ecg-spirometers-and-electrodes-fr","product_room-surgery-centre-operating-room-fr","product_variation-multicanal-batterie-lithium-ecran-de-7-po-18-cm","product_variation-configuration-fr"],"acf":[],"_links":{"self":[{"href":"https:\/\/medlinecapitalquote.ca\/fr\/wp-json\/wp\/v2\/products\/1388","targetHints":{"allow":["GET"]}}],"collection":[{"href":"https:\/\/medlinecapitalquote.ca\/fr\/wp-json\/wp\/v2\/products"}],"about":[{"href":"https:\/\/medlinecapitalquote.ca\/fr\/wp-json\/wp\/v2\/types\/product"}],"author":[{"embeddable":true,"href":"https:\/\/medlinecapitalquote.ca\/fr\/wp-json\/wp\/v2\/users\/5"}],"wp:featuredmedia":[{"embeddable":true,"href":"https:\/\/medlinecapitalquote.ca\/fr\/wp-json\/wp\/v2\/media\/1036"}],"wp:attachment":[{"href":"https:\/\/medlinecapitalquote.ca\/fr\/wp-json\/wp\/v2\/media?parent=1388"}],"wp:term":[{"taxonomy":"product_cat","embeddable":true,"href":"https:\/\/medlinecapitalquote.ca\/fr\/wp-json\/wp\/v2\/product-categories?post=1388"},{"taxonomy":"product_room","embeddable":true,"href":"https:\/\/medlinecapitalquote.ca\/fr\/wp-json\/wp\/v2\/product-rooms?post=1388"},{"taxonomy":"product_variation","embeddable":true,"href":"https:\/\/medlinecapitalquote.ca\/fr\/wp-json\/wp\/v2\/product-variations?post=1388"},{"taxonomy":"client","embeddable":true,"href":"https:\/\/medlinecapitalquote.ca\/fr\/wp-json\/wp\/v2\/clients?post=1388"}],"curies":[{"name":"wp","href":"https:\/\/api.w.org\/{rel}","templated":true}]}}