{"id":1391,"date":"2025-12-25T12:11:58","date_gmt":"2025-12-25T12:11:58","guid":{"rendered":"https:\/\/medlinecapitalquote.ca\/products\/sonde-vasculaire-imex-pour-dopplers-elite-100-et-200\/"},"modified":"2025-12-31T05:37:42","modified_gmt":"2025-12-31T05:37:42","slug":"sonde-vasculaire-imex-pour-dopplers-elite-100-et-200","status":"publish","type":"product","link":"https:\/\/medlinecapitalquote.ca\/fr\/products\/sonde-vasculaire-imex-pour-dopplers-elite-100-et-200\/","title":{"rendered":"Sonde vasculaire Imex\u00ae pour dopplers Elite 100 et 200"},"content":{"rendered":"<ul>\n<li>Technologie Doppler \u00e0 suppression d&rsquo;\u00e9lectricit\u00e9 statique pour un signal clair et sans \u00e9lectricit\u00e9 statique qui aide au diagnostic<\/li>\n<li>D\u00e9tecte les battements du c\u0153ur du f\u0153tus d\u00e8s la 8e semaine de la plupart des grossesses<\/li>\n<li>Technologie \u00e0 faisceau large pour une localisation ais\u00e9e du signal d&rsquo;int\u00e9r\u00eat<\/li>\n<li>Forme ergonomique permettant une prise en main confortable<\/li>\n<\/ul>\n","protected":false},"excerpt":{"rendered":"<p>Technologie Doppler \u00e0 suppression d&rsquo;\u00e9lectricit\u00e9 statique pour un signal clair  [&#8230;]<\/p>\n","protected":false},"author":3,"featured_media":1248,"template":"","product-categories":[72],"product-rooms":[74],"product-variations":[484,92],"clients":[],"class_list":["post-1391","product","type-product","status-publish","has-post-thumbnail","hentry","product_cat-ultrasound-and-dopplers-fr","product_room-exam-room-fr","product_variation-sonde-vasculaire-5-mhz","product_variation-configuration-fr"],"acf":[],"_links":{"self":[{"href":"https:\/\/medlinecapitalquote.ca\/fr\/wp-json\/wp\/v2\/products\/1391","targetHints":{"allow":["GET"]}}],"collection":[{"href":"https:\/\/medlinecapitalquote.ca\/fr\/wp-json\/wp\/v2\/products"}],"about":[{"href":"https:\/\/medlinecapitalquote.ca\/fr\/wp-json\/wp\/v2\/types\/product"}],"author":[{"embeddable":true,"href":"https:\/\/medlinecapitalquote.ca\/fr\/wp-json\/wp\/v2\/users\/3"}],"wp:featuredmedia":[{"embeddable":true,"href":"https:\/\/medlinecapitalquote.ca\/fr\/wp-json\/wp\/v2\/media\/1248"}],"wp:attachment":[{"href":"https:\/\/medlinecapitalquote.ca\/fr\/wp-json\/wp\/v2\/media?parent=1391"}],"wp:term":[{"taxonomy":"product_cat","embeddable":true,"href":"https:\/\/medlinecapitalquote.ca\/fr\/wp-json\/wp\/v2\/product-categories?post=1391"},{"taxonomy":"product_room","embeddable":true,"href":"https:\/\/medlinecapitalquote.ca\/fr\/wp-json\/wp\/v2\/product-rooms?post=1391"},{"taxonomy":"product_variation","embeddable":true,"href":"https:\/\/medlinecapitalquote.ca\/fr\/wp-json\/wp\/v2\/product-variations?post=1391"},{"taxonomy":"client","embeddable":true,"href":"https:\/\/medlinecapitalquote.ca\/fr\/wp-json\/wp\/v2\/clients?post=1391"}],"curies":[{"name":"wp","href":"https:\/\/api.w.org\/{rel}","templated":true}]}}