{"id":1395,"date":"2025-12-25T12:42:28","date_gmt":"2025-12-25T12:42:28","guid":{"rendered":"https:\/\/medlinecapitalquote.ca\/products\/spirometre-de-diagnostic-sur-pc-welch-allyn\/"},"modified":"2026-01-07T16:33:37","modified_gmt":"2026-01-07T16:33:37","slug":"spirometre-de-diagnostic-sur-pc-welch-allyn","status":"publish","type":"product","link":"https:\/\/medlinecapitalquote.ca\/fr\/products\/spirometre-de-diagnostic-sur-pc-welch-allyn\/","title":{"rendered":"Spirom\u00e8tre de diagnostic sur PC Welch Allyn\u00ae"},"content":{"rendered":"<ul>\n<li>\u00c0 usage unique<\/li>\n<li>Envoi des donn\u00e9es de spirom\u00e9trie au DME<\/li>\n<\/ul>\n","protected":false},"excerpt":{"rendered":"<p>\u00c0 usage unique Envoi des donn\u00e9es de spirom\u00e9trie au DME<\/p>\n","protected":false},"author":5,"featured_media":1039,"template":"","product-categories":[445],"product-rooms":[198],"product-variations":[666,667,92],"clients":[],"class_list":["post-1395","product","type-product","status-publish","has-post-thumbnail","hentry","product_cat-ecg-spirometers-and-electrodes-fr","product_room-surgery-centre-operating-room-fr","product_variation-avec-seringue-de-calibrage","product_variation-sans-seringue-de-calibrage","product_variation-configuration-fr"],"acf":[],"_links":{"self":[{"href":"https:\/\/medlinecapitalquote.ca\/fr\/wp-json\/wp\/v2\/products\/1395","targetHints":{"allow":["GET"]}}],"collection":[{"href":"https:\/\/medlinecapitalquote.ca\/fr\/wp-json\/wp\/v2\/products"}],"about":[{"href":"https:\/\/medlinecapitalquote.ca\/fr\/wp-json\/wp\/v2\/types\/product"}],"author":[{"embeddable":true,"href":"https:\/\/medlinecapitalquote.ca\/fr\/wp-json\/wp\/v2\/users\/5"}],"wp:featuredmedia":[{"embeddable":true,"href":"https:\/\/medlinecapitalquote.ca\/fr\/wp-json\/wp\/v2\/media\/1039"}],"wp:attachment":[{"href":"https:\/\/medlinecapitalquote.ca\/fr\/wp-json\/wp\/v2\/media?parent=1395"}],"wp:term":[{"taxonomy":"product_cat","embeddable":true,"href":"https:\/\/medlinecapitalquote.ca\/fr\/wp-json\/wp\/v2\/product-categories?post=1395"},{"taxonomy":"product_room","embeddable":true,"href":"https:\/\/medlinecapitalquote.ca\/fr\/wp-json\/wp\/v2\/product-rooms?post=1395"},{"taxonomy":"product_variation","embeddable":true,"href":"https:\/\/medlinecapitalquote.ca\/fr\/wp-json\/wp\/v2\/product-variations?post=1395"},{"taxonomy":"client","embeddable":true,"href":"https:\/\/medlinecapitalquote.ca\/fr\/wp-json\/wp\/v2\/clients?post=1395"}],"curies":[{"name":"wp","href":"https:\/\/api.w.org\/{rel}","templated":true}]}}