{"id":1398,"date":"2025-12-25T12:44:41","date_gmt":"2025-12-25T12:44:41","guid":{"rendered":"https:\/\/medlinecapitalquote.ca\/products\/appareil-de-depistage-visuel-spot-welch-allyn\/"},"modified":"2026-01-07T16:33:06","modified_gmt":"2026-01-07T16:33:06","slug":"appareil-de-depistage-visuel-spot-welch-allyn","status":"publish","type":"product","link":"https:\/\/medlinecapitalquote.ca\/fr\/products\/appareil-de-depistage-visuel-spot-welch-allyn\/","title":{"rendered":"Appareil de d\u00e9pistage visuel Spot\u2122 Welch Allyn\u00ae"},"content":{"rendered":"<ul>\n<li>Permet de d\u00e9tecter rapidement et facilement les probl\u00e8mes de vision chez les patients \u00e2g\u00e9s de 6 mois \u00e0 l&rsquo;\u00e2ge adulte<\/li>\n<li>Examen ponctuel des deux yeux en m\u00eame temps \u00e0 une distance non mena\u00e7ante de 3 pi<\/li>\n<li>L&rsquo;\u00e9cran tactile permet une activation par simple pression, une gestion facile de la saisie des donn\u00e9es du patient et une configuration ais\u00e9e pour les applications de d\u00e9pistage des troubles visuels et d&rsquo;auto-r\u00e9fraction<\/li>\n<li>Conforme aux lignes directrices relatives au d\u00e9pistage de l&rsquo;AAP pour la d\u00e9tection pr\u00e9coce des risques d&rsquo;amblyopie<\/li>\n<li>Le d\u00e9pistage automatis\u00e9 fournit des r\u00e9sultats complets, objectifs et faciles \u00e0 comprendre<\/li>\n<\/ul>\n","protected":false},"excerpt":{"rendered":"<p>Permet de d\u00e9tecter rapidement et facilement les probl\u00e8mes de vision  [&#8230;]<\/p>\n","protected":false},"author":5,"featured_media":1044,"template":"","product-categories":[458],"product-rooms":[74],"product-variations":[668,92],"clients":[],"class_list":["post-1398","product","type-product","status-publish","has-post-thumbnail","hentry","product_cat-other-diagnostic-fr","product_room-exam-room-fr","product_variation-avec-cable-et-port-usb","product_variation-configuration-fr"],"acf":[],"_links":{"self":[{"href":"https:\/\/medlinecapitalquote.ca\/fr\/wp-json\/wp\/v2\/products\/1398","targetHints":{"allow":["GET"]}}],"collection":[{"href":"https:\/\/medlinecapitalquote.ca\/fr\/wp-json\/wp\/v2\/products"}],"about":[{"href":"https:\/\/medlinecapitalquote.ca\/fr\/wp-json\/wp\/v2\/types\/product"}],"author":[{"embeddable":true,"href":"https:\/\/medlinecapitalquote.ca\/fr\/wp-json\/wp\/v2\/users\/5"}],"wp:featuredmedia":[{"embeddable":true,"href":"https:\/\/medlinecapitalquote.ca\/fr\/wp-json\/wp\/v2\/media\/1044"}],"wp:attachment":[{"href":"https:\/\/medlinecapitalquote.ca\/fr\/wp-json\/wp\/v2\/media?parent=1398"}],"wp:term":[{"taxonomy":"product_cat","embeddable":true,"href":"https:\/\/medlinecapitalquote.ca\/fr\/wp-json\/wp\/v2\/product-categories?post=1398"},{"taxonomy":"product_room","embeddable":true,"href":"https:\/\/medlinecapitalquote.ca\/fr\/wp-json\/wp\/v2\/product-rooms?post=1398"},{"taxonomy":"product_variation","embeddable":true,"href":"https:\/\/medlinecapitalquote.ca\/fr\/wp-json\/wp\/v2\/product-variations?post=1398"},{"taxonomy":"client","embeddable":true,"href":"https:\/\/medlinecapitalquote.ca\/fr\/wp-json\/wp\/v2\/clients?post=1398"}],"curies":[{"name":"wp","href":"https:\/\/api.w.org\/{rel}","templated":true}]}}