{"id":1400,"date":"2025-12-25T12:24:29","date_gmt":"2025-12-25T12:24:29","guid":{"rendered":"https:\/\/medlinecapitalquote.ca\/products\/pompe-pour-aspirateur-de-table-gomco-modele-305\/"},"modified":"2025-12-31T06:00:59","modified_gmt":"2025-12-31T06:00:59","slug":"pompe-pour-aspirateur-de-table-gomco-modele-305","status":"publish","type":"product","link":"https:\/\/medlinecapitalquote.ca\/fr\/products\/pompe-pour-aspirateur-de-table-gomco-modele-305\/","title":{"rendered":"Pompe pour aspirateur de table Gomco, mod\u00e8le 305"},"content":{"rendered":"<ul>\n<li>Volume : 1 200 mL<\/li>\n<li>Tension : 120 V<\/li>\n<li>Dimensions : 17,2 cm x 23,8 cm x 19 cm (6,8 po x 9,4 po x 7,5 po)<\/li>\n<li>G\u00e9n\u00e8re une pression n\u00e9gative pouvant atteindre -550 mmHG et un d\u00e9bit sup\u00e9rieur \u00e0 30 LPM en d\u00e9bit ouvert<\/li>\n<li>Pompe \u00e0 membrane sans entretien et sans huile pour une fiabilit\u00e9 accrue<\/li>\n<li>Facile \u00e0 ranger<\/li>\n<li>Conception ferm\u00e9e<\/li>\n<li>Le filtre bact\u00e9rien hydrophobe aide \u00e0 pr\u00e9venir la contamination<\/li>\n<\/ul>\n","protected":false},"excerpt":{"rendered":"<p>Volume : 1 200 mL Tension : 120 V Dimensions  [&#8230;]<\/p>\n","protected":false},"author":3,"featured_media":1259,"template":"","product-categories":[471],"product-rooms":[198],"product-variations":[],"clients":[],"class_list":["post-1400","product","type-product","status-publish","has-post-thumbnail","hentry","product_cat-suction-equipment-fr","product_room-surgery-centre-operating-room-fr"],"acf":[],"_links":{"self":[{"href":"https:\/\/medlinecapitalquote.ca\/fr\/wp-json\/wp\/v2\/products\/1400","targetHints":{"allow":["GET"]}}],"collection":[{"href":"https:\/\/medlinecapitalquote.ca\/fr\/wp-json\/wp\/v2\/products"}],"about":[{"href":"https:\/\/medlinecapitalquote.ca\/fr\/wp-json\/wp\/v2\/types\/product"}],"author":[{"embeddable":true,"href":"https:\/\/medlinecapitalquote.ca\/fr\/wp-json\/wp\/v2\/users\/3"}],"wp:featuredmedia":[{"embeddable":true,"href":"https:\/\/medlinecapitalquote.ca\/fr\/wp-json\/wp\/v2\/media\/1259"}],"wp:attachment":[{"href":"https:\/\/medlinecapitalquote.ca\/fr\/wp-json\/wp\/v2\/media?parent=1400"}],"wp:term":[{"taxonomy":"product_cat","embeddable":true,"href":"https:\/\/medlinecapitalquote.ca\/fr\/wp-json\/wp\/v2\/product-categories?post=1400"},{"taxonomy":"product_room","embeddable":true,"href":"https:\/\/medlinecapitalquote.ca\/fr\/wp-json\/wp\/v2\/product-rooms?post=1400"},{"taxonomy":"product_variation","embeddable":true,"href":"https:\/\/medlinecapitalquote.ca\/fr\/wp-json\/wp\/v2\/product-variations?post=1400"},{"taxonomy":"client","embeddable":true,"href":"https:\/\/medlinecapitalquote.ca\/fr\/wp-json\/wp\/v2\/clients?post=1400"}],"curies":[{"name":"wp","href":"https:\/\/api.w.org\/{rel}","templated":true}]}}