{"id":1404,"date":"2025-12-25T12:31:17","date_gmt":"2025-12-25T12:31:17","guid":{"rendered":"https:\/\/medlinecapitalquote.ca\/products\/unite-daspiration-portative-ac-dc-gomco-optivac\/"},"modified":"2025-12-31T06:11:31","modified_gmt":"2025-12-31T06:11:31","slug":"unite-daspiration-portative-ac-dc-gomco-optivac","status":"publish","type":"product","link":"https:\/\/medlinecapitalquote.ca\/fr\/products\/unite-daspiration-portative-ac-dc-gomco-optivac\/","title":{"rendered":"Unit\u00e9 d&rsquo;aspiration portative AC\/DC Gomco\u00ae Optivac\u00ae"},"content":{"rendered":"<ul>\n<li>Puissante avec une plage de vide de 25 \u00e0 550 mmHg et un d\u00e9bit de 30 LPM<\/li>\n<li>Fonctionnement en courant alternatif ou continu avec une batterie rechargeable qui se charge compl\u00e8tement en 8 heures; l&rsquo;autonomie de la batterie compl\u00e8tement charg\u00e9e est d&rsquo;environ 3 heures<\/li>\n<li>R\u00e9sistant \u00e0 l&rsquo;eau pour minimiser les risques de contamination ou d&rsquo;endommagement du compresseur et de la batterie<\/li>\n<li>Facile \u00e0 nettoyer<\/li>\n<li>Garantie de 3 ans sur l&rsquo;unit\u00e9 et d&rsquo;un an sur la batterie<\/li>\n<li>Portable et compacte<\/li>\n<\/ul>\n","protected":false},"excerpt":{"rendered":"<p>Puissante avec une plage de vide de 25 \u00e0 550  [&#8230;]<\/p>\n","protected":false},"author":3,"featured_media":1261,"template":"","product-categories":[471],"product-rooms":[198],"product-variations":[488,92],"clients":[],"class_list":["post-1404","product","type-product","status-publish","has-post-thumbnail","hentry","product_cat-suction-equipment-fr","product_room-surgery-centre-operating-room-fr","product_variation-plage-de-vide-de-25-a-50-mmhg","product_variation-configuration-fr"],"acf":[],"_links":{"self":[{"href":"https:\/\/medlinecapitalquote.ca\/fr\/wp-json\/wp\/v2\/products\/1404","targetHints":{"allow":["GET"]}}],"collection":[{"href":"https:\/\/medlinecapitalquote.ca\/fr\/wp-json\/wp\/v2\/products"}],"about":[{"href":"https:\/\/medlinecapitalquote.ca\/fr\/wp-json\/wp\/v2\/types\/product"}],"author":[{"embeddable":true,"href":"https:\/\/medlinecapitalquote.ca\/fr\/wp-json\/wp\/v2\/users\/3"}],"wp:featuredmedia":[{"embeddable":true,"href":"https:\/\/medlinecapitalquote.ca\/fr\/wp-json\/wp\/v2\/media\/1261"}],"wp:attachment":[{"href":"https:\/\/medlinecapitalquote.ca\/fr\/wp-json\/wp\/v2\/media?parent=1404"}],"wp:term":[{"taxonomy":"product_cat","embeddable":true,"href":"https:\/\/medlinecapitalquote.ca\/fr\/wp-json\/wp\/v2\/product-categories?post=1404"},{"taxonomy":"product_room","embeddable":true,"href":"https:\/\/medlinecapitalquote.ca\/fr\/wp-json\/wp\/v2\/product-rooms?post=1404"},{"taxonomy":"product_variation","embeddable":true,"href":"https:\/\/medlinecapitalquote.ca\/fr\/wp-json\/wp\/v2\/product-variations?post=1404"},{"taxonomy":"client","embeddable":true,"href":"https:\/\/medlinecapitalquote.ca\/fr\/wp-json\/wp\/v2\/clients?post=1404"}],"curies":[{"name":"wp","href":"https:\/\/api.w.org\/{rel}","templated":true}]}}