{"id":1407,"date":"2025-12-25T13:03:15","date_gmt":"2025-12-25T13:03:15","guid":{"rendered":"https:\/\/medlinecapitalquote.ca\/products\/pompe-daspiration-avec-bidon-de-collecte-a-usage-unique-de-800-cc-et-base-moulee-schuco\/"},"modified":"2025-12-31T06:14:17","modified_gmt":"2025-12-31T06:14:17","slug":"pompe-daspiration-avec-bidon-de-collecte-a-usage-unique-de-800-cc-et-base-moulee-schuco","status":"publish","type":"product","link":"https:\/\/medlinecapitalquote.ca\/fr\/products\/pompe-daspiration-avec-bidon-de-collecte-a-usage-unique-de-800-cc-et-base-moulee-schuco\/","title":{"rendered":"Pompe d&rsquo;aspiration avec bidon de collecte \u00e0 usage unique de 800 cc et base moul\u00e9e Schuco\u00ae"},"content":{"rendered":"<ul>\n<li>Plage de vide jusqu&rsquo;\u00e0 560 mmHG (22 po Hg)<\/li>\n<li>Le d\u00e9bit est sup\u00e9rieur \u00e0 40 LPM \u00e0 l&rsquo;entr\u00e9e normale<\/li>\n<li>Inclut un aspirateur, un r\u00e9servoir \u00e0 usage unique de 800 cc et une tubulure avec filtre<\/li>\n<li>Base moul\u00e9e<\/li>\n<\/ul>\n","protected":false},"excerpt":{"rendered":"<p>Plage de vide jusqu&rsquo;\u00e0 560 mmHG (22 po Hg) Le  [&#8230;]<\/p>\n","protected":false},"author":3,"featured_media":1264,"template":"","product-categories":[471],"product-rooms":[198],"product-variations":[],"clients":[],"class_list":["post-1407","product","type-product","status-publish","has-post-thumbnail","hentry","product_cat-suction-equipment-fr","product_room-surgery-centre-operating-room-fr"],"acf":[],"_links":{"self":[{"href":"https:\/\/medlinecapitalquote.ca\/fr\/wp-json\/wp\/v2\/products\/1407","targetHints":{"allow":["GET"]}}],"collection":[{"href":"https:\/\/medlinecapitalquote.ca\/fr\/wp-json\/wp\/v2\/products"}],"about":[{"href":"https:\/\/medlinecapitalquote.ca\/fr\/wp-json\/wp\/v2\/types\/product"}],"author":[{"embeddable":true,"href":"https:\/\/medlinecapitalquote.ca\/fr\/wp-json\/wp\/v2\/users\/3"}],"wp:featuredmedia":[{"embeddable":true,"href":"https:\/\/medlinecapitalquote.ca\/fr\/wp-json\/wp\/v2\/media\/1264"}],"wp:attachment":[{"href":"https:\/\/medlinecapitalquote.ca\/fr\/wp-json\/wp\/v2\/media?parent=1407"}],"wp:term":[{"taxonomy":"product_cat","embeddable":true,"href":"https:\/\/medlinecapitalquote.ca\/fr\/wp-json\/wp\/v2\/product-categories?post=1407"},{"taxonomy":"product_room","embeddable":true,"href":"https:\/\/medlinecapitalquote.ca\/fr\/wp-json\/wp\/v2\/product-rooms?post=1407"},{"taxonomy":"product_variation","embeddable":true,"href":"https:\/\/medlinecapitalquote.ca\/fr\/wp-json\/wp\/v2\/product-variations?post=1407"},{"taxonomy":"client","embeddable":true,"href":"https:\/\/medlinecapitalquote.ca\/fr\/wp-json\/wp\/v2\/clients?post=1407"}],"curies":[{"name":"wp","href":"https:\/\/api.w.org\/{rel}","templated":true}]}}