{"id":1409,"date":"2025-12-25T04:32:56","date_gmt":"2025-12-25T04:32:56","guid":{"rendered":"https:\/\/medlinecapitalquote.ca\/products\/thermometre-oral-suretemp-plus-690-welch-allyn\/"},"modified":"2025-12-31T06:27:26","modified_gmt":"2025-12-31T06:27:26","slug":"thermometre-oral-suretemp-plus-690-welch-allyn","status":"publish","type":"product","link":"https:\/\/medlinecapitalquote.ca\/fr\/products\/thermometre-oral-suretemp-plus-690-welch-allyn\/","title":{"rendered":"Thermom\u00e8tre oral SureTemp\u00ae Plus 690 Welch Allyn\u00ae"},"content":{"rendered":"<ul>\n<li>Mesure la temp\u00e9rature en 4 \u00e0 6 secondes<\/li>\n<li>Fournit des donn\u00e9es pr\u00e9cises sur les patients de presque tous les groupes d&rsquo;\u00e2ge<\/li>\n<li> Les sondes et les puits de sonde amovibles\/interchangeables sont con\u00e7us pour aider \u00e0 r\u00e9duire le risque de contamination crois\u00e9e<\/li>\n<li>L&rsquo;\u00e9cran indique quand les batteries doivent \u00eatre remplac\u00e9es<\/li>\n<li>Utilise 3 batteries AA (incluses)<\/li>\n<\/ul>\n","protected":false},"excerpt":{"rendered":"<p>Mesure la temp\u00e9rature en 4 \u00e0 6 secondes Fournit des  [&#8230;]<\/p>\n","protected":false},"author":3,"featured_media":1266,"template":"","product-categories":[73],"product-rooms":[74],"product-variations":[491,490,757,92],"clients":[],"class_list":["post-1409","product","type-product","status-publish","has-post-thumbnail","hentry","product_cat-diagnostic-fr","product_room-exam-room-fr","product_variation-avec-support-sonde-orale-cable-4-pi-1-2-m","product_variation-avec-support-sonde-orale-cable-9-pi-2-7-m","product_variation-sonde-orale-cable-4-pi-1-2-m-oral-probe-and-oral-probe-well-4-pi-1-2-m-cord-fr","product_variation-configuration-fr"],"acf":[],"_links":{"self":[{"href":"https:\/\/medlinecapitalquote.ca\/fr\/wp-json\/wp\/v2\/products\/1409","targetHints":{"allow":["GET"]}}],"collection":[{"href":"https:\/\/medlinecapitalquote.ca\/fr\/wp-json\/wp\/v2\/products"}],"about":[{"href":"https:\/\/medlinecapitalquote.ca\/fr\/wp-json\/wp\/v2\/types\/product"}],"author":[{"embeddable":true,"href":"https:\/\/medlinecapitalquote.ca\/fr\/wp-json\/wp\/v2\/users\/3"}],"wp:featuredmedia":[{"embeddable":true,"href":"https:\/\/medlinecapitalquote.ca\/fr\/wp-json\/wp\/v2\/media\/1266"}],"wp:attachment":[{"href":"https:\/\/medlinecapitalquote.ca\/fr\/wp-json\/wp\/v2\/media?parent=1409"}],"wp:term":[{"taxonomy":"product_cat","embeddable":true,"href":"https:\/\/medlinecapitalquote.ca\/fr\/wp-json\/wp\/v2\/product-categories?post=1409"},{"taxonomy":"product_room","embeddable":true,"href":"https:\/\/medlinecapitalquote.ca\/fr\/wp-json\/wp\/v2\/product-rooms?post=1409"},{"taxonomy":"product_variation","embeddable":true,"href":"https:\/\/medlinecapitalquote.ca\/fr\/wp-json\/wp\/v2\/product-variations?post=1409"},{"taxonomy":"client","embeddable":true,"href":"https:\/\/medlinecapitalquote.ca\/fr\/wp-json\/wp\/v2\/clients?post=1409"}],"curies":[{"name":"wp","href":"https:\/\/api.w.org\/{rel}","templated":true}]}}