{"id":1410,"date":"2025-12-25T04:40:57","date_gmt":"2025-12-25T04:40:57","guid":{"rendered":"https:\/\/medlinecapitalquote.ca\/products\/support-pour-moniteur-spot-4400-welch-allyn\/"},"modified":"2025-12-31T06:42:09","modified_gmt":"2025-12-31T06:42:09","slug":"support-pour-moniteur-spot-4400-welch-allyn","status":"publish","type":"product","link":"https:\/\/medlinecapitalquote.ca\/fr\/products\/support-pour-moniteur-spot-4400-welch-allyn\/","title":{"rendered":"Support pour moniteur Spot 4400 Welch Allyn\u00ae"},"content":{"rendered":"<ul>\n<li>Pi\u00e8ces de rechange permettant au moniteur de signes vitaux Spot de rester op\u00e9rationnel<\/li>\n<li>Minimise les temps d&rsquo;arr\u00eat \u00e9ventuels du moniteur et optimise le syst\u00e8me en fonction des besoins de l&rsquo;\u00e9tablissement<\/li>\n<\/ul>\n","protected":false},"excerpt":{"rendered":"<p>Pi\u00e8ces de rechange permettant au moniteur de signes vitaux Spot  [&#8230;]<\/p>\n","protected":false},"author":4,"featured_media":259,"template":"","product-categories":[456],"product-rooms":[198,74],"product-variations":[755,756,92],"clients":[],"class_list":["post-1410","product","type-product","status-publish","has-post-thumbnail","hentry","product_cat-monitoring-fr","product_room-surgery-centre-operating-room-fr","product_room-exam-room-fr","product_variation-support-de-bureau-fr","product_variation-support-mobile-fr","product_variation-configuration-fr"],"acf":[],"_links":{"self":[{"href":"https:\/\/medlinecapitalquote.ca\/fr\/wp-json\/wp\/v2\/products\/1410","targetHints":{"allow":["GET"]}}],"collection":[{"href":"https:\/\/medlinecapitalquote.ca\/fr\/wp-json\/wp\/v2\/products"}],"about":[{"href":"https:\/\/medlinecapitalquote.ca\/fr\/wp-json\/wp\/v2\/types\/product"}],"author":[{"embeddable":true,"href":"https:\/\/medlinecapitalquote.ca\/fr\/wp-json\/wp\/v2\/users\/4"}],"wp:featuredmedia":[{"embeddable":true,"href":"https:\/\/medlinecapitalquote.ca\/fr\/wp-json\/wp\/v2\/media\/259"}],"wp:attachment":[{"href":"https:\/\/medlinecapitalquote.ca\/fr\/wp-json\/wp\/v2\/media?parent=1410"}],"wp:term":[{"taxonomy":"product_cat","embeddable":true,"href":"https:\/\/medlinecapitalquote.ca\/fr\/wp-json\/wp\/v2\/product-categories?post=1410"},{"taxonomy":"product_room","embeddable":true,"href":"https:\/\/medlinecapitalquote.ca\/fr\/wp-json\/wp\/v2\/product-rooms?post=1410"},{"taxonomy":"product_variation","embeddable":true,"href":"https:\/\/medlinecapitalquote.ca\/fr\/wp-json\/wp\/v2\/product-variations?post=1410"},{"taxonomy":"client","embeddable":true,"href":"https:\/\/medlinecapitalquote.ca\/fr\/wp-json\/wp\/v2\/clients?post=1410"}],"curies":[{"name":"wp","href":"https:\/\/api.w.org\/{rel}","templated":true}]}}