{"id":1411,"date":"2025-12-25T18:41:07","date_gmt":"2025-12-25T18:41:07","guid":{"rendered":"https:\/\/medlinecapitalquote.ca\/products\/systeme-hemocue-hb-201-analyseur-dhemoglobine\/"},"modified":"2026-01-07T16:24:03","modified_gmt":"2026-01-07T16:24:03","slug":"systeme-hemocue-hb-201-analyseur-dhemoglobine","status":"publish","type":"product","link":"https:\/\/medlinecapitalquote.ca\/fr\/products\/systeme-hemocue-hb-201-analyseur-dhemoglobine\/","title":{"rendered":"Syst\u00e8me HemoCue\u00ae HB 201 + analyseur d&rsquo;h\u00e9moglobine"},"content":{"rendered":"<ul>\n<li>Les analyseurs d&rsquo;h\u00e9moglobine exempt\u00e9s de CLIA offrent une pr\u00e9cision de laboratoire et une facilit\u00e9 d&rsquo;utilisation dans le cadre d&rsquo;un test sur le lieu de soins<\/li>\n<li>Il suffit d&rsquo;un petit \u00e9chantillon (environ 10 \u00b5l) de sang total capillaire, veineux ou art\u00e9riel pour obtenir des r\u00e9sultats en 60 secondes<\/li>\n<li>Technologie des microcuvettes avec une excellente reproductibilit\u00e9 d&rsquo;un lot \u00e0 l&rsquo;autre<\/li>\n<li>Solutions de contr\u00f4le \u00e0 base de sang disponibles<\/li>\n<\/ul>\n","protected":false},"excerpt":{"rendered":"<p>Les analyseurs d&rsquo;h\u00e9moglobine exempt\u00e9s de CLIA offrent une pr\u00e9cision de  [&#8230;]<\/p>\n","protected":false},"author":5,"featured_media":1049,"template":"","product-categories":[202],"product-rooms":[74],"product-variations":[],"clients":[],"class_list":["post-1411","product","type-product","status-publish","has-post-thumbnail","hentry","product_cat-tests-fr","product_room-exam-room-fr"],"acf":[],"_links":{"self":[{"href":"https:\/\/medlinecapitalquote.ca\/fr\/wp-json\/wp\/v2\/products\/1411","targetHints":{"allow":["GET"]}}],"collection":[{"href":"https:\/\/medlinecapitalquote.ca\/fr\/wp-json\/wp\/v2\/products"}],"about":[{"href":"https:\/\/medlinecapitalquote.ca\/fr\/wp-json\/wp\/v2\/types\/product"}],"author":[{"embeddable":true,"href":"https:\/\/medlinecapitalquote.ca\/fr\/wp-json\/wp\/v2\/users\/5"}],"wp:featuredmedia":[{"embeddable":true,"href":"https:\/\/medlinecapitalquote.ca\/fr\/wp-json\/wp\/v2\/media\/1049"}],"wp:attachment":[{"href":"https:\/\/medlinecapitalquote.ca\/fr\/wp-json\/wp\/v2\/media?parent=1411"}],"wp:term":[{"taxonomy":"product_cat","embeddable":true,"href":"https:\/\/medlinecapitalquote.ca\/fr\/wp-json\/wp\/v2\/product-categories?post=1411"},{"taxonomy":"product_room","embeddable":true,"href":"https:\/\/medlinecapitalquote.ca\/fr\/wp-json\/wp\/v2\/product-rooms?post=1411"},{"taxonomy":"product_variation","embeddable":true,"href":"https:\/\/medlinecapitalquote.ca\/fr\/wp-json\/wp\/v2\/product-variations?post=1411"},{"taxonomy":"client","embeddable":true,"href":"https:\/\/medlinecapitalquote.ca\/fr\/wp-json\/wp\/v2\/clients?post=1411"}],"curies":[{"name":"wp","href":"https:\/\/api.w.org\/{rel}","templated":true}]}}