{"id":1412,"date":"2025-12-25T11:58:25","date_gmt":"2025-12-25T11:58:25","guid":{"rendered":"https:\/\/medlinecapitalquote.ca\/products\/thermometre-auriculaire-tympanique-thermoscan-pro-6000-welch-allyn\/"},"modified":"2025-12-31T06:38:58","modified_gmt":"2025-12-31T06:38:58","slug":"thermometre-auriculaire-tympanique-thermoscan-pro-6000-welch-allyn","status":"publish","type":"product","link":"https:\/\/medlinecapitalquote.ca\/fr\/products\/thermometre-auriculaire-tympanique-thermoscan-pro-6000-welch-allyn\/","title":{"rendered":"Thermom\u00e8tre auriculaire tympanique ThermoScan\u00ae PRO 6000 Welch Allyn\u00ae"},"content":{"rendered":"<ul>\n<li>Technologie PerfecTemp permettant d&rsquo;\u00e9viter les lectures trop basses en ajustant les facteurs qui affectent la pr\u00e9cision des mesures<\/li>\n<li>Bouton de rappel de m\u00e9moire et minuterie de 60 secondes pour favoriser l&rsquo;efficacit\u00e9 du personnel<\/li>\n<li>Facile \u00e0 d\u00e9sinfecter<\/li>\n<li>Technologie de mesure assurant des lectures de temp\u00e9rature pr\u00e9cises et fiables, et confortables pour les patients<\/li>\n<li>Fonctionnalit\u00e9s de s\u00e9curit\u00e9 am\u00e9lior\u00e9es permettant de prot\u00e9ger et maximiser l\u2019investissement<\/li>\n<\/ul>\n","protected":false},"excerpt":{"rendered":"<p>Technologie PerfecTemp permettant d&rsquo;\u00e9viter les lectures trop basses en ajustant  [&#8230;]<\/p>\n","protected":false},"author":3,"featured_media":1270,"template":"","product-categories":[73],"product-rooms":[74],"product-variations":[494,493,492,92],"clients":[],"class_list":["post-1412","product","type-product","status-publish","has-post-thumbnail","hentry","product_cat-diagnostic-fr","product_room-exam-room-fr","product_variation-avec-grand-support","product_variation-avec-petit-support","product_variation-poste-de-charge-avec-bloc-batterie-de-recharge","product_variation-configuration-fr"],"acf":[],"_links":{"self":[{"href":"https:\/\/medlinecapitalquote.ca\/fr\/wp-json\/wp\/v2\/products\/1412","targetHints":{"allow":["GET"]}}],"collection":[{"href":"https:\/\/medlinecapitalquote.ca\/fr\/wp-json\/wp\/v2\/products"}],"about":[{"href":"https:\/\/medlinecapitalquote.ca\/fr\/wp-json\/wp\/v2\/types\/product"}],"author":[{"embeddable":true,"href":"https:\/\/medlinecapitalquote.ca\/fr\/wp-json\/wp\/v2\/users\/3"}],"wp:featuredmedia":[{"embeddable":true,"href":"https:\/\/medlinecapitalquote.ca\/fr\/wp-json\/wp\/v2\/media\/1270"}],"wp:attachment":[{"href":"https:\/\/medlinecapitalquote.ca\/fr\/wp-json\/wp\/v2\/media?parent=1412"}],"wp:term":[{"taxonomy":"product_cat","embeddable":true,"href":"https:\/\/medlinecapitalquote.ca\/fr\/wp-json\/wp\/v2\/product-categories?post=1412"},{"taxonomy":"product_room","embeddable":true,"href":"https:\/\/medlinecapitalquote.ca\/fr\/wp-json\/wp\/v2\/product-rooms?post=1412"},{"taxonomy":"product_variation","embeddable":true,"href":"https:\/\/medlinecapitalquote.ca\/fr\/wp-json\/wp\/v2\/product-variations?post=1412"},{"taxonomy":"client","embeddable":true,"href":"https:\/\/medlinecapitalquote.ca\/fr\/wp-json\/wp\/v2\/clients?post=1412"}],"curies":[{"name":"wp","href":"https:\/\/api.w.org\/{rel}","templated":true}]}}