{"id":1413,"date":"2025-12-24T12:30:44","date_gmt":"2025-12-24T12:30:44","guid":{"rendered":"https:\/\/medlinecapitalquote.ca\/products\/lampe-dexamen-green-series-gs-300-welch-allyn\/"},"modified":"2025-12-31T06:41:48","modified_gmt":"2025-12-31T06:41:48","slug":"lampe-dexamen-green-series-gs-300-welch-allyn","status":"publish","type":"product","link":"https:\/\/medlinecapitalquote.ca\/fr\/products\/lampe-dexamen-green-series-gs-300-welch-allyn\/","title":{"rendered":"Lampe d&rsquo;examen Green Series\u2122 GS 300 Welch Allyn\u00ae"},"content":{"rendered":"<ul>\n<li>Puissant \u00e9clairage \u00e0 DEL blanc de 20\u00a0000\u00a0lux assurant une extr\u00eame pr\u00e9cision<\/li>\n<li>Support mobile \u00e0 roulement doux qui va l\u00e0 o\u00f9 vous voulez qu\u2019il aille<\/li>\n<li>Installation facile au mur ou sur une table<\/li>\n<\/ul>\n","protected":false},"excerpt":{"rendered":"<p>Puissant \u00e9clairage \u00e0 DEL blanc de 20\u00a0000\u00a0lux assurant une extr\u00eame  [&#8230;]<\/p>\n","protected":false},"author":4,"featured_media":265,"template":"","product-categories":[453],"product-rooms":[74],"product-variations":[649,591,92],"clients":[],"class_list":["post-1413","product","type-product","status-publish","has-post-thumbnail","hentry","product_cat-lights-fr","product_room-exam-room-fr","product_variation-avec-support-mobile","product_variation-avec-support-mural","product_variation-configuration-fr"],"acf":[],"_links":{"self":[{"href":"https:\/\/medlinecapitalquote.ca\/fr\/wp-json\/wp\/v2\/products\/1413","targetHints":{"allow":["GET"]}}],"collection":[{"href":"https:\/\/medlinecapitalquote.ca\/fr\/wp-json\/wp\/v2\/products"}],"about":[{"href":"https:\/\/medlinecapitalquote.ca\/fr\/wp-json\/wp\/v2\/types\/product"}],"author":[{"embeddable":true,"href":"https:\/\/medlinecapitalquote.ca\/fr\/wp-json\/wp\/v2\/users\/4"}],"wp:featuredmedia":[{"embeddable":true,"href":"https:\/\/medlinecapitalquote.ca\/fr\/wp-json\/wp\/v2\/media\/265"}],"wp:attachment":[{"href":"https:\/\/medlinecapitalquote.ca\/fr\/wp-json\/wp\/v2\/media?parent=1413"}],"wp:term":[{"taxonomy":"product_cat","embeddable":true,"href":"https:\/\/medlinecapitalquote.ca\/fr\/wp-json\/wp\/v2\/product-categories?post=1413"},{"taxonomy":"product_room","embeddable":true,"href":"https:\/\/medlinecapitalquote.ca\/fr\/wp-json\/wp\/v2\/product-rooms?post=1413"},{"taxonomy":"product_variation","embeddable":true,"href":"https:\/\/medlinecapitalquote.ca\/fr\/wp-json\/wp\/v2\/product-variations?post=1413"},{"taxonomy":"client","embeddable":true,"href":"https:\/\/medlinecapitalquote.ca\/fr\/wp-json\/wp\/v2\/clients?post=1413"}],"curies":[{"name":"wp","href":"https:\/\/api.w.org\/{rel}","templated":true}]}}