{"id":1418,"date":"2025-12-25T13:09:02","date_gmt":"2025-12-25T13:09:02","guid":{"rendered":"https:\/\/medlinecapitalquote.ca\/products\/chariot-mobile-welch-allyn-pour-electrocardiographe-cp-150\/"},"modified":"2026-01-16T11:13:11","modified_gmt":"2026-01-16T11:13:11","slug":"chariot-mobile-welch-allyn-pour-electrocardiographe-cp-150","status":"publish","type":"product","link":"https:\/\/medlinecapitalquote.ca\/fr\/products\/chariot-mobile-welch-allyn-pour-electrocardiographe-cp-150\/","title":{"rendered":"Chariot mobile Welch Allyn\u00ae pour \u00e9lectrocardiographe CP 150\u2122"},"content":{"rendered":"<ul>\n<li>Simplicit\u00e9 et rapidit\u00e9 gr\u00e2ce \u00e0 l&rsquo;\u00e9cran tactile et au clavier permettant d&rsquo;am\u00e9liorer la pr\u00e9cision<\/li>\n<li>Id\u00e9al pour les environnements au rythme rapide, et permet d\u2019obtenir des r\u00e9sultats d&rsquo;ECG rapidement en appuyant sur un bouton<\/li>\n<li>Les fonctions de connectivit\u00e9 avanc\u00e9es permettent d&rsquo;am\u00e9liorer le flux de travail en envoyant, g\u00e9rant et partageant les donn\u00e9es des patients avec des syst\u00e8mes \u00e0 l\u2019int\u00e9rieur ou l\u2019ext\u00e9rieur de l&rsquo;\u00e9tablissement<\/li>\n<\/ul>\n","protected":false},"excerpt":{"rendered":"<p>Simplicit\u00e9 et rapidit\u00e9 gr\u00e2ce \u00e0 l&rsquo;\u00e9cran tactile et au clavier  [&#8230;]<\/p>\n","protected":false},"author":3,"featured_media":1274,"template":"","product-categories":[445],"product-rooms":[198],"product-variations":[495,92],"clients":[],"class_list":["post-1418","product","type-product","status-publish","has-post-thumbnail","hentry","product_cat-ecg-spirometers-and-electrodes-fr","product_room-surgery-centre-operating-room-fr","product_variation-chariot-de-bureau-roulettes-en-plastique","product_variation-configuration-fr"],"acf":[],"_links":{"self":[{"href":"https:\/\/medlinecapitalquote.ca\/fr\/wp-json\/wp\/v2\/products\/1418","targetHints":{"allow":["GET"]}}],"collection":[{"href":"https:\/\/medlinecapitalquote.ca\/fr\/wp-json\/wp\/v2\/products"}],"about":[{"href":"https:\/\/medlinecapitalquote.ca\/fr\/wp-json\/wp\/v2\/types\/product"}],"author":[{"embeddable":true,"href":"https:\/\/medlinecapitalquote.ca\/fr\/wp-json\/wp\/v2\/users\/3"}],"wp:featuredmedia":[{"embeddable":true,"href":"https:\/\/medlinecapitalquote.ca\/fr\/wp-json\/wp\/v2\/media\/1274"}],"wp:attachment":[{"href":"https:\/\/medlinecapitalquote.ca\/fr\/wp-json\/wp\/v2\/media?parent=1418"}],"wp:term":[{"taxonomy":"product_cat","embeddable":true,"href":"https:\/\/medlinecapitalquote.ca\/fr\/wp-json\/wp\/v2\/product-categories?post=1418"},{"taxonomy":"product_room","embeddable":true,"href":"https:\/\/medlinecapitalquote.ca\/fr\/wp-json\/wp\/v2\/product-rooms?post=1418"},{"taxonomy":"product_variation","embeddable":true,"href":"https:\/\/medlinecapitalquote.ca\/fr\/wp-json\/wp\/v2\/product-variations?post=1418"},{"taxonomy":"client","embeddable":true,"href":"https:\/\/medlinecapitalquote.ca\/fr\/wp-json\/wp\/v2\/clients?post=1418"}],"curies":[{"name":"wp","href":"https:\/\/api.w.org\/{rel}","templated":true}]}}