{"id":1420,"date":"2025-12-24T14:18:03","date_gmt":"2025-12-24T14:18:03","guid":{"rendered":"https:\/\/medlinecapitalquote.ca\/products\/lampe-pour-interventions-mineures-green-series-gs-600-welch-allyn\/"},"modified":"2025-12-31T07:09:07","modified_gmt":"2025-12-31T07:09:07","slug":"lampe-pour-interventions-mineures-green-series-gs-600-welch-allyn","status":"publish","type":"product","link":"https:\/\/medlinecapitalquote.ca\/fr\/products\/lampe-pour-interventions-mineures-green-series-gs-600-welch-allyn\/","title":{"rendered":"Lampe pour interventions mineures Green Series\u2122 GS 600 Welch Allyn\u00ae"},"content":{"rendered":"<ul>\n<li>Dot\u00e9e de 3\u00a0DEL et d\u2019une t\u00eate plus large pour les conditions d\u2019observation exigeantes o\u00f9 la lumi\u00e8re doit \u00eatre exceptionnellement bonne<\/li>\n<li>Id\u00e9ale pour les interventions mineures et les examens dans tout environnement de soins<\/li>\n<\/ul>\n","protected":false},"excerpt":{"rendered":"<p>Dot\u00e9e de 3\u00a0DEL et d\u2019une t\u00eate plus large pour les  [&#8230;]<\/p>\n","protected":false},"author":3,"featured_media":271,"template":"","product-categories":[453],"product-rooms":[74],"product-variations":[649,591,92],"clients":[],"class_list":["post-1420","product","type-product","status-publish","has-post-thumbnail","hentry","product_cat-lights-fr","product_room-exam-room-fr","product_variation-avec-support-mobile","product_variation-avec-support-mural","product_variation-configuration-fr"],"acf":[],"_links":{"self":[{"href":"https:\/\/medlinecapitalquote.ca\/fr\/wp-json\/wp\/v2\/products\/1420","targetHints":{"allow":["GET"]}}],"collection":[{"href":"https:\/\/medlinecapitalquote.ca\/fr\/wp-json\/wp\/v2\/products"}],"about":[{"href":"https:\/\/medlinecapitalquote.ca\/fr\/wp-json\/wp\/v2\/types\/product"}],"author":[{"embeddable":true,"href":"https:\/\/medlinecapitalquote.ca\/fr\/wp-json\/wp\/v2\/users\/3"}],"wp:featuredmedia":[{"embeddable":true,"href":"https:\/\/medlinecapitalquote.ca\/fr\/wp-json\/wp\/v2\/media\/271"}],"wp:attachment":[{"href":"https:\/\/medlinecapitalquote.ca\/fr\/wp-json\/wp\/v2\/media?parent=1420"}],"wp:term":[{"taxonomy":"product_cat","embeddable":true,"href":"https:\/\/medlinecapitalquote.ca\/fr\/wp-json\/wp\/v2\/product-categories?post=1420"},{"taxonomy":"product_room","embeddable":true,"href":"https:\/\/medlinecapitalquote.ca\/fr\/wp-json\/wp\/v2\/product-rooms?post=1420"},{"taxonomy":"product_variation","embeddable":true,"href":"https:\/\/medlinecapitalquote.ca\/fr\/wp-json\/wp\/v2\/product-variations?post=1420"},{"taxonomy":"client","embeddable":true,"href":"https:\/\/medlinecapitalquote.ca\/fr\/wp-json\/wp\/v2\/clients?post=1420"}],"curies":[{"name":"wp","href":"https:\/\/api.w.org\/{rel}","templated":true}]}}