{"id":1421,"date":"2025-12-25T13:12:19","date_gmt":"2025-12-25T13:12:19","guid":{"rendered":"https:\/\/medlinecapitalquote.ca\/products\/tensiometre-numerique-probp-2400-welch-allyn\/"},"modified":"2026-01-09T12:34:24","modified_gmt":"2026-01-09T12:34:24","slug":"tensiometre-numerique-probp-2400-welch-allyn","status":"publish","type":"product","link":"https:\/\/medlinecapitalquote.ca\/fr\/products\/tensiometre-numerique-probp-2400-welch-allyn\/","title":{"rendered":"Tensiom\u00e8tre num\u00e9rique ProBP\u2122 2400 Welch Allyn\u00ae"},"content":{"rendered":"<ul>\n<li>Le mode de moyenne sur 3 mesures peut donner une id\u00e9e plus g\u00e9n\u00e9rale de la v\u00e9ritable tension art\u00e9rielle du patient<\/li>\n<li>La d\u00e9tection des battements de c\u0153ur irr\u00e9guliers fournit des donn\u00e9es pour aider \u00e0 prendre des d\u00e9cisions relatives aux tests \u00e0 effectuer<\/li>\n<li>Le mode manuel lui permet de servir de jauge num\u00e9rique quand une auscultation est indiqu\u00e9e<\/li>\n<li>La vitesse de d\u00e9gonflage contr\u00f4l\u00e9e par microprocesseur assure une technique constante<\/li>\n<li> La poign\u00e9e pliante int\u00e9gr\u00e9e permet de le transporter confortablement et en toute s\u00e9curit\u00e9<\/li>\n<\/ul>\n","protected":false},"excerpt":{"rendered":"<p>Le mode de moyenne sur 3 mesures peut donner une  [&#8230;]<\/p>\n","protected":false},"author":3,"featured_media":2161,"template":"","product-categories":[194],"product-rooms":[74],"product-variations":[],"clients":[],"class_list":["post-1421","product","type-product","status-publish","has-post-thumbnail","hentry","product_cat-blood-pressure-fr","product_room-exam-room-fr"],"acf":[],"_links":{"self":[{"href":"https:\/\/medlinecapitalquote.ca\/fr\/wp-json\/wp\/v2\/products\/1421","targetHints":{"allow":["GET"]}}],"collection":[{"href":"https:\/\/medlinecapitalquote.ca\/fr\/wp-json\/wp\/v2\/products"}],"about":[{"href":"https:\/\/medlinecapitalquote.ca\/fr\/wp-json\/wp\/v2\/types\/product"}],"author":[{"embeddable":true,"href":"https:\/\/medlinecapitalquote.ca\/fr\/wp-json\/wp\/v2\/users\/3"}],"wp:featuredmedia":[{"embeddable":true,"href":"https:\/\/medlinecapitalquote.ca\/fr\/wp-json\/wp\/v2\/media\/2161"}],"wp:attachment":[{"href":"https:\/\/medlinecapitalquote.ca\/fr\/wp-json\/wp\/v2\/media?parent=1421"}],"wp:term":[{"taxonomy":"product_cat","embeddable":true,"href":"https:\/\/medlinecapitalquote.ca\/fr\/wp-json\/wp\/v2\/product-categories?post=1421"},{"taxonomy":"product_room","embeddable":true,"href":"https:\/\/medlinecapitalquote.ca\/fr\/wp-json\/wp\/v2\/product-rooms?post=1421"},{"taxonomy":"product_variation","embeddable":true,"href":"https:\/\/medlinecapitalquote.ca\/fr\/wp-json\/wp\/v2\/product-variations?post=1421"},{"taxonomy":"client","embeddable":true,"href":"https:\/\/medlinecapitalquote.ca\/fr\/wp-json\/wp\/v2\/clients?post=1421"}],"curies":[{"name":"wp","href":"https:\/\/api.w.org\/{rel}","templated":true}]}}