{"id":1423,"date":"2025-12-25T13:14:20","date_gmt":"2025-12-25T13:14:20","guid":{"rendered":"https:\/\/medlinecapitalquote.ca\/products\/base-mobile-avec-panier-de-rangement-pour-brassards-pour-probp-2400-welch-allyn\/"},"modified":"2025-12-31T07:02:58","modified_gmt":"2025-12-31T07:02:58","slug":"base-mobile-avec-panier-de-rangement-pour-brassards-pour-probp-2400-welch-allyn","status":"publish","type":"product","link":"https:\/\/medlinecapitalquote.ca\/fr\/products\/base-mobile-avec-panier-de-rangement-pour-brassards-pour-probp-2400-welch-allyn\/","title":{"rendered":"Base mobile avec panier de rangement pour brassards pour ProBP 2400 Welch Allyn\u00ae"},"content":{"rendered":"<ul>\n<li>Couleur : blanc<\/li>\n<li>Base roulante stable \u00e0 5 c\u00f4t\u00e9s<\/li>\n<\/ul>\n","protected":false},"excerpt":{"rendered":"<p>Couleur : blanc Base roulante stable \u00e0 5 c\u00f4t\u00e9s<\/p>\n","protected":false},"author":3,"featured_media":1276,"template":"","product-categories":[194],"product-rooms":[74],"product-variations":[],"clients":[],"class_list":["post-1423","product","type-product","status-publish","has-post-thumbnail","hentry","product_cat-blood-pressure-fr","product_room-exam-room-fr"],"acf":[],"_links":{"self":[{"href":"https:\/\/medlinecapitalquote.ca\/fr\/wp-json\/wp\/v2\/products\/1423","targetHints":{"allow":["GET"]}}],"collection":[{"href":"https:\/\/medlinecapitalquote.ca\/fr\/wp-json\/wp\/v2\/products"}],"about":[{"href":"https:\/\/medlinecapitalquote.ca\/fr\/wp-json\/wp\/v2\/types\/product"}],"author":[{"embeddable":true,"href":"https:\/\/medlinecapitalquote.ca\/fr\/wp-json\/wp\/v2\/users\/3"}],"wp:featuredmedia":[{"embeddable":true,"href":"https:\/\/medlinecapitalquote.ca\/fr\/wp-json\/wp\/v2\/media\/1276"}],"wp:attachment":[{"href":"https:\/\/medlinecapitalquote.ca\/fr\/wp-json\/wp\/v2\/media?parent=1423"}],"wp:term":[{"taxonomy":"product_cat","embeddable":true,"href":"https:\/\/medlinecapitalquote.ca\/fr\/wp-json\/wp\/v2\/product-categories?post=1423"},{"taxonomy":"product_room","embeddable":true,"href":"https:\/\/medlinecapitalquote.ca\/fr\/wp-json\/wp\/v2\/product-rooms?post=1423"},{"taxonomy":"product_variation","embeddable":true,"href":"https:\/\/medlinecapitalquote.ca\/fr\/wp-json\/wp\/v2\/product-variations?post=1423"},{"taxonomy":"client","embeddable":true,"href":"https:\/\/medlinecapitalquote.ca\/fr\/wp-json\/wp\/v2\/clients?post=1423"}],"curies":[{"name":"wp","href":"https:\/\/api.w.org\/{rel}","templated":true}]}}