{"id":1425,"date":"2025-12-25T13:19:17","date_gmt":"2025-12-25T13:19:17","guid":{"rendered":"https:\/\/medlinecapitalquote.ca\/products\/support-mural-avec-panier-de-rangement-pour-brassards-pour-probp-2400-welch-allyn\/"},"modified":"2025-12-31T07:06:42","modified_gmt":"2025-12-31T07:06:42","slug":"support-mural-avec-panier-de-rangement-pour-brassards-pour-probp-2400-welch-allyn","status":"publish","type":"product","link":"https:\/\/medlinecapitalquote.ca\/fr\/products\/support-mural-avec-panier-de-rangement-pour-brassards-pour-probp-2400-welch-allyn\/","title":{"rendered":"Support mural avec panier de rangement pour brassards pour ProBP 2400 Welch Allyn\u00ae"},"content":{"rendered":"<ul>\n<li>Tube de rallonge de brassard de prise de tension art\u00e9rielle de 1,7 m (66,9 po)<\/li>\n<li>Veille \u00e0 ce que les brassards pour tension art\u00e9rielle soient accessibles et organis\u00e9s<\/li>\n<\/ul>\n","protected":false},"excerpt":{"rendered":"<p>Tube de rallonge de brassard de prise de tension art\u00e9rielle  [&#8230;]<\/p>\n","protected":false},"author":3,"featured_media":1278,"template":"","product-categories":[194],"product-rooms":[74],"product-variations":[],"clients":[],"class_list":["post-1425","product","type-product","status-publish","has-post-thumbnail","hentry","product_cat-blood-pressure-fr","product_room-exam-room-fr"],"acf":[],"_links":{"self":[{"href":"https:\/\/medlinecapitalquote.ca\/fr\/wp-json\/wp\/v2\/products\/1425","targetHints":{"allow":["GET"]}}],"collection":[{"href":"https:\/\/medlinecapitalquote.ca\/fr\/wp-json\/wp\/v2\/products"}],"about":[{"href":"https:\/\/medlinecapitalquote.ca\/fr\/wp-json\/wp\/v2\/types\/product"}],"author":[{"embeddable":true,"href":"https:\/\/medlinecapitalquote.ca\/fr\/wp-json\/wp\/v2\/users\/3"}],"wp:featuredmedia":[{"embeddable":true,"href":"https:\/\/medlinecapitalquote.ca\/fr\/wp-json\/wp\/v2\/media\/1278"}],"wp:attachment":[{"href":"https:\/\/medlinecapitalquote.ca\/fr\/wp-json\/wp\/v2\/media?parent=1425"}],"wp:term":[{"taxonomy":"product_cat","embeddable":true,"href":"https:\/\/medlinecapitalquote.ca\/fr\/wp-json\/wp\/v2\/product-categories?post=1425"},{"taxonomy":"product_room","embeddable":true,"href":"https:\/\/medlinecapitalquote.ca\/fr\/wp-json\/wp\/v2\/product-rooms?post=1425"},{"taxonomy":"product_variation","embeddable":true,"href":"https:\/\/medlinecapitalquote.ca\/fr\/wp-json\/wp\/v2\/product-variations?post=1425"},{"taxonomy":"client","embeddable":true,"href":"https:\/\/medlinecapitalquote.ca\/fr\/wp-json\/wp\/v2\/clients?post=1425"}],"curies":[{"name":"wp","href":"https:\/\/api.w.org\/{rel}","templated":true}]}}