{"id":1429,"date":"2025-12-25T12:02:55","date_gmt":"2025-12-25T12:02:55","guid":{"rendered":"https:\/\/medlinecapitalquote.ca\/products\/tensiometre-numerique-probp-3400-welch-allyn\/"},"modified":"2025-12-31T07:13:34","modified_gmt":"2025-12-31T07:13:34","slug":"tensiometre-numerique-probp-3400-welch-allyn","status":"publish","type":"product","link":"https:\/\/medlinecapitalquote.ca\/fr\/products\/tensiometre-numerique-probp-3400-welch-allyn\/","title":{"rendered":"Tensiom\u00e8tre num\u00e9rique ProBP\u2122 3400 Welch Allyn\u00ae"},"content":{"rendered":"<ul>\n<li>La technologie PNI SureBP permet une lecture rapide et pr\u00e9cise en seulement 15 secondes, m\u00eame en pr\u00e9sence de mouvements ou d&rsquo;un pouls faible<\/li>\n<li>La technologie filaire USB permet l&rsquo;int\u00e9gration de certains syst\u00e8mes de DSE\/DME<\/li>\n<li>La technologie de batterie au lithium-ion fournit jusqu&rsquo;\u00e0 100 lectures par charge<\/li>\n<li>Compatible avec les brassards Welch Allyn\u00ae de la taille de petit enfant \u00e0 celle de la cuisse<\/li>\n<li>Configurable pour s&rsquo;adapter au flux de travail et aux besoins particuliers des patients<\/li>\n<li>Conforme aux normes AAMI, class\u00e9 BHS A\/A<\/li>\n<\/ul>\n","protected":false},"excerpt":{"rendered":"<p>La technologie PNI SureBP permet une lecture rapide et pr\u00e9cise  [&#8230;]<\/p>\n","protected":false},"author":3,"featured_media":1282,"template":"","product-categories":[194],"product-rooms":[74],"product-variations":[498,497,496,499,92],"clients":[],"class_list":["post-1429","product","type-product","status-publish","has-post-thumbnail","hentry","product_cat-blood-pressure-fr","product_room-exam-room-fr","product_variation-avec-necessaire-pour-fixation-murale","product_variation-avec-support-mobile-et-panier","product_variation-portatif","product_variation-portatif-cable-usb","product_variation-configuration-fr"],"acf":[],"_links":{"self":[{"href":"https:\/\/medlinecapitalquote.ca\/fr\/wp-json\/wp\/v2\/products\/1429","targetHints":{"allow":["GET"]}}],"collection":[{"href":"https:\/\/medlinecapitalquote.ca\/fr\/wp-json\/wp\/v2\/products"}],"about":[{"href":"https:\/\/medlinecapitalquote.ca\/fr\/wp-json\/wp\/v2\/types\/product"}],"author":[{"embeddable":true,"href":"https:\/\/medlinecapitalquote.ca\/fr\/wp-json\/wp\/v2\/users\/3"}],"wp:featuredmedia":[{"embeddable":true,"href":"https:\/\/medlinecapitalquote.ca\/fr\/wp-json\/wp\/v2\/media\/1282"}],"wp:attachment":[{"href":"https:\/\/medlinecapitalquote.ca\/fr\/wp-json\/wp\/v2\/media?parent=1429"}],"wp:term":[{"taxonomy":"product_cat","embeddable":true,"href":"https:\/\/medlinecapitalquote.ca\/fr\/wp-json\/wp\/v2\/product-categories?post=1429"},{"taxonomy":"product_room","embeddable":true,"href":"https:\/\/medlinecapitalquote.ca\/fr\/wp-json\/wp\/v2\/product-rooms?post=1429"},{"taxonomy":"product_variation","embeddable":true,"href":"https:\/\/medlinecapitalquote.ca\/fr\/wp-json\/wp\/v2\/product-variations?post=1429"},{"taxonomy":"client","embeddable":true,"href":"https:\/\/medlinecapitalquote.ca\/fr\/wp-json\/wp\/v2\/clients?post=1429"}],"curies":[{"name":"wp","href":"https:\/\/api.w.org\/{rel}","templated":true}]}}