{"id":1430,"date":"2025-12-24T14:21:26","date_gmt":"2025-12-24T14:21:26","guid":{"rendered":"https:\/\/medlinecapitalquote.ca\/products\/lampe-pour-interventions-mineures-green-series-gs-900-welch-allyn\/"},"modified":"2025-12-31T07:15:15","modified_gmt":"2025-12-31T07:15:15","slug":"lampe-pour-interventions-mineures-green-series-gs-900-welch-allyn","status":"publish","type":"product","link":"https:\/\/medlinecapitalquote.ca\/fr\/products\/lampe-pour-interventions-mineures-green-series-gs-900-welch-allyn\/","title":{"rendered":"Lampe pour interventions mineures Green Series\u2122 GS 900 Welch Allyn\u00ae"},"content":{"rendered":"<ul>\n<li>Dot\u00e9e de 6\u00a0DEL \u00e0 intensit\u00e9 contr\u00f4l\u00e9e pour un \u00e9clairage maximal et uniforme de la zone d\u2019intervention afin d\u2019offrir de meilleurs examens aux patients<\/li>\n<li>Plusieurs options d\u2019installation vous permettent d\u2019utiliser au mieux votre espace au sol<\/li>\n<li>Interrupteur marche\/arr\u00eat pratique et sans contact avec gradateur<\/li>\n<li>Conception robuste pour une r\u00e9sistance et une durabilit\u00e9 accrues<\/li>\n<li>Faible consommation d\u2019\u00e9nergie et nul besoin de remplacer les ampoules<\/li>\n<\/ul>\n","protected":false},"excerpt":{"rendered":"<p>Dot\u00e9e de 6\u00a0DEL \u00e0 intensit\u00e9 contr\u00f4l\u00e9e pour un \u00e9clairage maximal  [&#8230;]<\/p>\n","protected":false},"author":4,"featured_media":275,"template":"","product-categories":[453],"product-rooms":[74],"product-variations":[592,649,591,92],"clients":[],"class_list":["post-1430","product","type-product","status-publish","has-post-thumbnail","hentry","product_cat-lights-fr","product_room-exam-room-fr","product_variation-avec-support-de-plafond","product_variation-avec-support-mobile","product_variation-avec-support-mural","product_variation-configuration-fr"],"acf":[],"_links":{"self":[{"href":"https:\/\/medlinecapitalquote.ca\/fr\/wp-json\/wp\/v2\/products\/1430","targetHints":{"allow":["GET"]}}],"collection":[{"href":"https:\/\/medlinecapitalquote.ca\/fr\/wp-json\/wp\/v2\/products"}],"about":[{"href":"https:\/\/medlinecapitalquote.ca\/fr\/wp-json\/wp\/v2\/types\/product"}],"author":[{"embeddable":true,"href":"https:\/\/medlinecapitalquote.ca\/fr\/wp-json\/wp\/v2\/users\/4"}],"wp:featuredmedia":[{"embeddable":true,"href":"https:\/\/medlinecapitalquote.ca\/fr\/wp-json\/wp\/v2\/media\/275"}],"wp:attachment":[{"href":"https:\/\/medlinecapitalquote.ca\/fr\/wp-json\/wp\/v2\/media?parent=1430"}],"wp:term":[{"taxonomy":"product_cat","embeddable":true,"href":"https:\/\/medlinecapitalquote.ca\/fr\/wp-json\/wp\/v2\/product-categories?post=1430"},{"taxonomy":"product_room","embeddable":true,"href":"https:\/\/medlinecapitalquote.ca\/fr\/wp-json\/wp\/v2\/product-rooms?post=1430"},{"taxonomy":"product_variation","embeddable":true,"href":"https:\/\/medlinecapitalquote.ca\/fr\/wp-json\/wp\/v2\/product-variations?post=1430"},{"taxonomy":"client","embeddable":true,"href":"https:\/\/medlinecapitalquote.ca\/fr\/wp-json\/wp\/v2\/clients?post=1430"}],"curies":[{"name":"wp","href":"https:\/\/api.w.org\/{rel}","templated":true}]}}