{"id":1433,"date":"2025-12-25T19:41:22","date_gmt":"2025-12-25T19:41:22","guid":{"rendered":"https:\/\/medlinecapitalquote.ca\/products\/support-pour-5-pots\/"},"modified":"2026-01-07T16:23:52","modified_gmt":"2026-01-07T16:23:52","slug":"support-pour-5-pots","status":"publish","type":"product","link":"https:\/\/medlinecapitalquote.ca\/fr\/products\/support-pour-5-pots\/","title":{"rendered":"Support pour 5 pots"},"content":{"rendered":"<ul>\n<li>Acier recouvert de vinyle pour une meilleure durabilit\u00e9<\/li>\n<li>Pour les bocaux en plastique et en verre afin de lib\u00e9rer de l\u2019espace sur le comptoir<\/li>\n<li>Maintien s\u00e9curitaire aidant \u00e0 pr\u00e9venir les bris<\/li>\n<li>Quincaillerie incluse<\/li>\n<\/ul>\n","protected":false},"excerpt":{"rendered":"<p>Acier recouvert de vinyle pour une meilleure durabilit\u00e9 Pour les  [&#8230;]<\/p>\n","protected":false},"author":5,"featured_media":1065,"template":"","product-categories":[467],"product-rooms":[74],"product-variations":[],"clients":[],"class_list":["post-1433","product","type-product","status-publish","has-post-thumbnail","hentry","product_cat-stainless-steel-and-glass-ware-fr","product_room-exam-room-fr"],"acf":[],"_links":{"self":[{"href":"https:\/\/medlinecapitalquote.ca\/fr\/wp-json\/wp\/v2\/products\/1433","targetHints":{"allow":["GET"]}}],"collection":[{"href":"https:\/\/medlinecapitalquote.ca\/fr\/wp-json\/wp\/v2\/products"}],"about":[{"href":"https:\/\/medlinecapitalquote.ca\/fr\/wp-json\/wp\/v2\/types\/product"}],"author":[{"embeddable":true,"href":"https:\/\/medlinecapitalquote.ca\/fr\/wp-json\/wp\/v2\/users\/5"}],"wp:featuredmedia":[{"embeddable":true,"href":"https:\/\/medlinecapitalquote.ca\/fr\/wp-json\/wp\/v2\/media\/1065"}],"wp:attachment":[{"href":"https:\/\/medlinecapitalquote.ca\/fr\/wp-json\/wp\/v2\/media?parent=1433"}],"wp:term":[{"taxonomy":"product_cat","embeddable":true,"href":"https:\/\/medlinecapitalquote.ca\/fr\/wp-json\/wp\/v2\/product-categories?post=1433"},{"taxonomy":"product_room","embeddable":true,"href":"https:\/\/medlinecapitalquote.ca\/fr\/wp-json\/wp\/v2\/product-rooms?post=1433"},{"taxonomy":"product_variation","embeddable":true,"href":"https:\/\/medlinecapitalquote.ca\/fr\/wp-json\/wp\/v2\/product-variations?post=1433"},{"taxonomy":"client","embeddable":true,"href":"https:\/\/medlinecapitalquote.ca\/fr\/wp-json\/wp\/v2\/clients?post=1433"}],"curies":[{"name":"wp","href":"https:\/\/api.w.org\/{rel}","templated":true}]}}