{"id":1437,"date":"2025-12-25T06:34:06","date_gmt":"2025-12-25T06:34:06","guid":{"rendered":"https:\/\/medlinecapitalquote.ca\/products\/moniteur-de-signes-vitaux-spot-4400-welch-allyn\/"},"modified":"2025-12-31T07:22:36","modified_gmt":"2025-12-31T07:22:36","slug":"moniteur-de-signes-vitaux-spot-4400-welch-allyn","status":"publish","type":"product","link":"https:\/\/medlinecapitalquote.ca\/fr\/products\/moniteur-de-signes-vitaux-spot-4400-welch-allyn\/","title":{"rendered":"Moniteur de signes vitaux Spot 4400 Welch Allyn\u00ae"},"content":{"rendered":"<ul>\n<li>Conception portative et facile \u00e0 utiliser permettant de normaliser les donn\u00e9es vitales saisies dans l&rsquo;ensemble de l&rsquo;\u00e9tablissement pour une productivit\u00e9 accrue<\/li>\n<li>La connectivit\u00e9 au DME via c\u00e2ble USB permet de minimiser les erreurs de documentation<\/li>\n<li>Inclut un brassard pour adultes<\/li>\n<li>Appareil tout en un intuitif offrant un moyen efficace de saisir et de documenter les donn\u00e9es vitales des patients, et d\u2019y acc\u00e9der<\/li>\n<\/ul>\n","protected":false},"excerpt":{"rendered":"<p>Conception portative et facile \u00e0 utiliser permettant de normaliser les  [&#8230;]<\/p>\n","protected":false},"author":4,"featured_media":281,"template":"","product-categories":[456],"product-rooms":[198,74],"product-variations":[593,594,92],"clients":[],"class_list":["post-1437","product","type-product","status-publish","has-post-thumbnail","hentry","product_cat-monitoring-fr","product_room-surgery-centre-operating-room-fr","product_room-exam-room-fr","product_variation-spo2-nonin-suretemp-plus-multilingue","product_variation-suretemp-plus-multilingue","product_variation-configuration-fr"],"acf":[],"_links":{"self":[{"href":"https:\/\/medlinecapitalquote.ca\/fr\/wp-json\/wp\/v2\/products\/1437","targetHints":{"allow":["GET"]}}],"collection":[{"href":"https:\/\/medlinecapitalquote.ca\/fr\/wp-json\/wp\/v2\/products"}],"about":[{"href":"https:\/\/medlinecapitalquote.ca\/fr\/wp-json\/wp\/v2\/types\/product"}],"author":[{"embeddable":true,"href":"https:\/\/medlinecapitalquote.ca\/fr\/wp-json\/wp\/v2\/users\/4"}],"wp:featuredmedia":[{"embeddable":true,"href":"https:\/\/medlinecapitalquote.ca\/fr\/wp-json\/wp\/v2\/media\/281"}],"wp:attachment":[{"href":"https:\/\/medlinecapitalquote.ca\/fr\/wp-json\/wp\/v2\/media?parent=1437"}],"wp:term":[{"taxonomy":"product_cat","embeddable":true,"href":"https:\/\/medlinecapitalquote.ca\/fr\/wp-json\/wp\/v2\/product-categories?post=1437"},{"taxonomy":"product_room","embeddable":true,"href":"https:\/\/medlinecapitalquote.ca\/fr\/wp-json\/wp\/v2\/product-rooms?post=1437"},{"taxonomy":"product_variation","embeddable":true,"href":"https:\/\/medlinecapitalquote.ca\/fr\/wp-json\/wp\/v2\/product-variations?post=1437"},{"taxonomy":"client","embeddable":true,"href":"https:\/\/medlinecapitalquote.ca\/fr\/wp-json\/wp\/v2\/clients?post=1437"}],"curies":[{"name":"wp","href":"https:\/\/api.w.org\/{rel}","templated":true}]}}