{"id":1439,"date":"2025-12-25T18:34:49","date_gmt":"2025-12-25T18:34:49","guid":{"rendered":"https:\/\/medlinecapitalquote.ca\/products\/unite-de-generateur-electrochirurgical-bovie-200-w\/"},"modified":"2025-12-31T07:25:14","modified_gmt":"2025-12-31T07:25:14","slug":"unite-de-generateur-electrochirurgical-bovie-200-w","status":"publish","type":"product","link":"https:\/\/medlinecapitalquote.ca\/fr\/products\/unite-de-generateur-electrochirurgical-bovie-200-w\/","title":{"rendered":"Unit\u00e9 de g\u00e9n\u00e9rateur \u00e9lectrochirurgical Bovie\u00ae, 200 W"},"content":{"rendered":"<ul>\n<li>200 W<\/li>\n<li>Fournit 12 modalit\u00e9s d&rsquo;\u00e9nergie RF monopolaire et bipolaire pour offrir un haut niveau de pr\u00e9cision chirurgicale<\/li>\n<li>Con\u00e7ue dans un souci de s\u00e9curit\u00e9 pour le patient, il int\u00e8gre des technologies, comme le contr\u00f4le de la qualit\u00e9 du contact du tampon de retour BovieNEM, la technologie de d\u00e9tection des tissus BovieFDFS, des circuits d\u2019auto test et des modalit\u00e9s sp\u00e9cialis\u00e9es pour les proc\u00e9dures laparoscopiques et d\u00e9licates<\/li>\n<li>Garantie du fabricant de 4 ans<\/li>\n<\/ul>\n","protected":false},"excerpt":{"rendered":"<p>200 W Fournit 12 modalit\u00e9s d&rsquo;\u00e9nergie RF monopolaire et bipolaire  [&#8230;]<\/p>\n","protected":false},"author":3,"featured_media":1284,"template":"","product-categories":[197],"product-rooms":[198],"product-variations":[],"clients":[],"class_list":["post-1439","product","type-product","status-publish","has-post-thumbnail","hentry","product_cat-cautery-and-accessories-fr","product_room-surgery-centre-operating-room-fr"],"acf":[],"_links":{"self":[{"href":"https:\/\/medlinecapitalquote.ca\/fr\/wp-json\/wp\/v2\/products\/1439","targetHints":{"allow":["GET"]}}],"collection":[{"href":"https:\/\/medlinecapitalquote.ca\/fr\/wp-json\/wp\/v2\/products"}],"about":[{"href":"https:\/\/medlinecapitalquote.ca\/fr\/wp-json\/wp\/v2\/types\/product"}],"author":[{"embeddable":true,"href":"https:\/\/medlinecapitalquote.ca\/fr\/wp-json\/wp\/v2\/users\/3"}],"wp:featuredmedia":[{"embeddable":true,"href":"https:\/\/medlinecapitalquote.ca\/fr\/wp-json\/wp\/v2\/media\/1284"}],"wp:attachment":[{"href":"https:\/\/medlinecapitalquote.ca\/fr\/wp-json\/wp\/v2\/media?parent=1439"}],"wp:term":[{"taxonomy":"product_cat","embeddable":true,"href":"https:\/\/medlinecapitalquote.ca\/fr\/wp-json\/wp\/v2\/product-categories?post=1439"},{"taxonomy":"product_room","embeddable":true,"href":"https:\/\/medlinecapitalquote.ca\/fr\/wp-json\/wp\/v2\/product-rooms?post=1439"},{"taxonomy":"product_variation","embeddable":true,"href":"https:\/\/medlinecapitalquote.ca\/fr\/wp-json\/wp\/v2\/product-variations?post=1439"},{"taxonomy":"client","embeddable":true,"href":"https:\/\/medlinecapitalquote.ca\/fr\/wp-json\/wp\/v2\/clients?post=1439"}],"curies":[{"name":"wp","href":"https:\/\/api.w.org\/{rel}","templated":true}]}}