{"id":1452,"date":"2025-12-25T20:07:18","date_gmt":"2025-12-25T20:07:18","guid":{"rendered":"https:\/\/medlinecapitalquote.ca\/products\/pedale-bovie-pour-dessiccateurs-aaron\/"},"modified":"2026-01-07T16:22:59","modified_gmt":"2026-01-07T16:22:59","slug":"pedale-bovie-pour-dessiccateurs-aaron","status":"publish","type":"product","link":"https:\/\/medlinecapitalquote.ca\/fr\/products\/pedale-bovie-pour-dessiccateurs-aaron\/","title":{"rendered":"P\u00e9dale Bovie pour dessiccateurs Aaron"},"content":{"rendered":"<ul>\n<li>Compatible avec le g\u00e9n\u00e9rateur\/dessiccateur \u00e9lectrochirurgical \u00e0 haute fr\u00e9quence Aaron 950 et A1200<\/li>\n<\/ul>\n","protected":false},"excerpt":{"rendered":"<p>Compatible avec le g\u00e9n\u00e9rateur\/dessiccateur \u00e9lectrochirurgical \u00e0 haute fr\u00e9quence Aaron 950  [&#8230;]<\/p>\n","protected":false},"author":5,"featured_media":1076,"template":"","product-categories":[197],"product-rooms":[198],"product-variations":[],"clients":[],"class_list":["post-1452","product","type-product","status-publish","has-post-thumbnail","hentry","product_cat-cautery-and-accessories-fr","product_room-surgery-centre-operating-room-fr"],"acf":[],"_links":{"self":[{"href":"https:\/\/medlinecapitalquote.ca\/fr\/wp-json\/wp\/v2\/products\/1452","targetHints":{"allow":["GET"]}}],"collection":[{"href":"https:\/\/medlinecapitalquote.ca\/fr\/wp-json\/wp\/v2\/products"}],"about":[{"href":"https:\/\/medlinecapitalquote.ca\/fr\/wp-json\/wp\/v2\/types\/product"}],"author":[{"embeddable":true,"href":"https:\/\/medlinecapitalquote.ca\/fr\/wp-json\/wp\/v2\/users\/5"}],"wp:featuredmedia":[{"embeddable":true,"href":"https:\/\/medlinecapitalquote.ca\/fr\/wp-json\/wp\/v2\/media\/1076"}],"wp:attachment":[{"href":"https:\/\/medlinecapitalquote.ca\/fr\/wp-json\/wp\/v2\/media?parent=1452"}],"wp:term":[{"taxonomy":"product_cat","embeddable":true,"href":"https:\/\/medlinecapitalquote.ca\/fr\/wp-json\/wp\/v2\/product-categories?post=1452"},{"taxonomy":"product_room","embeddable":true,"href":"https:\/\/medlinecapitalquote.ca\/fr\/wp-json\/wp\/v2\/product-rooms?post=1452"},{"taxonomy":"product_variation","embeddable":true,"href":"https:\/\/medlinecapitalquote.ca\/fr\/wp-json\/wp\/v2\/product-variations?post=1452"},{"taxonomy":"client","embeddable":true,"href":"https:\/\/medlinecapitalquote.ca\/fr\/wp-json\/wp\/v2\/clients?post=1452"}],"curies":[{"name":"wp","href":"https:\/\/api.w.org\/{rel}","templated":true}]}}