{"id":1454,"date":"2025-12-25T20:15:48","date_gmt":"2025-12-25T20:15:48","guid":{"rendered":"https:\/\/medlinecapitalquote.ca\/products\/generateur-electrochirurgical-bovie-specialist-pro\/"},"modified":"2026-01-07T16:22:56","modified_gmt":"2026-01-07T16:22:56","slug":"generateur-electrochirurgical-bovie-specialist-pro","status":"publish","type":"product","link":"https:\/\/medlinecapitalquote.ca\/fr\/products\/generateur-electrochirurgical-bovie-specialist-pro\/","title":{"rendered":"G\u00e9n\u00e9rateur \u00e9lectrochirurgical Bovie\u00ae Specialist PRO"},"content":{"rendered":"<ul>\n<li>5 sorties d&rsquo;\u00e9nergie avec jusqu&rsquo;\u00e0 120 W de puissance<\/li>\n<li>Conception moderne \u00e0 bouton-poussoir<\/li>\n<li>Modalit\u00e9s : coupe, m\u00e9lange, coagulation, fulguration et bipolaire standard<\/li>\n<li>Id\u00e9al pour les interventions chirurgicales monopolaires et bipolaires<\/li>\n<li>Technologie de d\u00e9tection des tampons BovieNEM\u2122 (surveillance de l&rsquo;\u00e9lectrode neutre), BovieDED\u2122 (d\u00e9tection des erreurs num\u00e9riques), tonalit\u00e9s d&rsquo;alerte audibles et circuits d&rsquo;autotest<\/li>\n<\/ul>\n","protected":false},"excerpt":{"rendered":"<p>5 sorties d&rsquo;\u00e9nergie avec jusqu&rsquo;\u00e0 120 W de puissance Conception  [&#8230;]<\/p>\n","protected":false},"author":5,"featured_media":1080,"template":"","product-categories":[197],"product-rooms":[198],"product-variations":[],"clients":[],"class_list":["post-1454","product","type-product","status-publish","has-post-thumbnail","hentry","product_cat-cautery-and-accessories-fr","product_room-surgery-centre-operating-room-fr"],"acf":[],"_links":{"self":[{"href":"https:\/\/medlinecapitalquote.ca\/fr\/wp-json\/wp\/v2\/products\/1454","targetHints":{"allow":["GET"]}}],"collection":[{"href":"https:\/\/medlinecapitalquote.ca\/fr\/wp-json\/wp\/v2\/products"}],"about":[{"href":"https:\/\/medlinecapitalquote.ca\/fr\/wp-json\/wp\/v2\/types\/product"}],"author":[{"embeddable":true,"href":"https:\/\/medlinecapitalquote.ca\/fr\/wp-json\/wp\/v2\/users\/5"}],"wp:featuredmedia":[{"embeddable":true,"href":"https:\/\/medlinecapitalquote.ca\/fr\/wp-json\/wp\/v2\/media\/1080"}],"wp:attachment":[{"href":"https:\/\/medlinecapitalquote.ca\/fr\/wp-json\/wp\/v2\/media?parent=1454"}],"wp:term":[{"taxonomy":"product_cat","embeddable":true,"href":"https:\/\/medlinecapitalquote.ca\/fr\/wp-json\/wp\/v2\/product-categories?post=1454"},{"taxonomy":"product_room","embeddable":true,"href":"https:\/\/medlinecapitalquote.ca\/fr\/wp-json\/wp\/v2\/product-rooms?post=1454"},{"taxonomy":"product_variation","embeddable":true,"href":"https:\/\/medlinecapitalquote.ca\/fr\/wp-json\/wp\/v2\/product-variations?post=1454"},{"taxonomy":"client","embeddable":true,"href":"https:\/\/medlinecapitalquote.ca\/fr\/wp-json\/wp\/v2\/clients?post=1454"}],"curies":[{"name":"wp","href":"https:\/\/api.w.org\/{rel}","templated":true}]}}