{"id":1460,"date":"2025-12-25T20:20:20","date_gmt":"2025-12-25T20:20:20","guid":{"rendered":"https:\/\/medlinecapitalquote.ca\/products\/cable-delectrode-de-retour-reutilisable-pour-esre-bovie\/"},"modified":"2026-01-07T16:17:23","modified_gmt":"2026-01-07T16:17:23","slug":"cable-delectrode-de-retour-reutilisable-pour-esre-bovie","status":"publish","type":"product","link":"https:\/\/medlinecapitalquote.ca\/fr\/products\/cable-delectrode-de-retour-reutilisable-pour-esre-bovie\/","title":{"rendered":"C\u00e2ble d&rsquo;\u00e9lectrode de retour r\u00e9utilisable pour ESRE Bovie\u00ae"},"content":{"rendered":"<ul>\n<li>Connecte une \u00e9lectrode de retour adulte \u00e0 usage unique ou solide au g\u00e9n\u00e9rateur \u00e9lectrochirurgical<\/li>\n<\/ul>\n","protected":false},"excerpt":{"rendered":"<p>Connecte une \u00e9lectrode de retour adulte \u00e0 usage unique ou  [&#8230;]<\/p>\n","protected":false},"author":5,"featured_media":1082,"template":"","product-categories":[197],"product-rooms":[198],"product-variations":[],"clients":[],"class_list":["post-1460","product","type-product","status-publish","has-post-thumbnail","hentry","product_cat-cautery-and-accessories-fr","product_room-surgery-centre-operating-room-fr"],"acf":[],"_links":{"self":[{"href":"https:\/\/medlinecapitalquote.ca\/fr\/wp-json\/wp\/v2\/products\/1460","targetHints":{"allow":["GET"]}}],"collection":[{"href":"https:\/\/medlinecapitalquote.ca\/fr\/wp-json\/wp\/v2\/products"}],"about":[{"href":"https:\/\/medlinecapitalquote.ca\/fr\/wp-json\/wp\/v2\/types\/product"}],"author":[{"embeddable":true,"href":"https:\/\/medlinecapitalquote.ca\/fr\/wp-json\/wp\/v2\/users\/5"}],"wp:featuredmedia":[{"embeddable":true,"href":"https:\/\/medlinecapitalquote.ca\/fr\/wp-json\/wp\/v2\/media\/1082"}],"wp:attachment":[{"href":"https:\/\/medlinecapitalquote.ca\/fr\/wp-json\/wp\/v2\/media?parent=1460"}],"wp:term":[{"taxonomy":"product_cat","embeddable":true,"href":"https:\/\/medlinecapitalquote.ca\/fr\/wp-json\/wp\/v2\/product-categories?post=1460"},{"taxonomy":"product_room","embeddable":true,"href":"https:\/\/medlinecapitalquote.ca\/fr\/wp-json\/wp\/v2\/product-rooms?post=1460"},{"taxonomy":"product_variation","embeddable":true,"href":"https:\/\/medlinecapitalquote.ca\/fr\/wp-json\/wp\/v2\/product-variations?post=1460"},{"taxonomy":"client","embeddable":true,"href":"https:\/\/medlinecapitalquote.ca\/fr\/wp-json\/wp\/v2\/clients?post=1460"}],"curies":[{"name":"wp","href":"https:\/\/api.w.org\/{rel}","templated":true}]}}