{"id":1484,"date":"2025-12-25T08:39:53","date_gmt":"2025-12-25T08:39:53","guid":{"rendered":"https:\/\/medlinecapitalquote.ca\/products\/moniteur-spot-connex-welch-allyn-serie-71\/"},"modified":"2025-12-31T08:42:51","modified_gmt":"2025-12-31T08:42:51","slug":"moniteur-spot-connex-welch-allyn-serie-71","status":"publish","type":"product","link":"https:\/\/medlinecapitalquote.ca\/fr\/products\/moniteur-spot-connex-welch-allyn-serie-71\/","title":{"rendered":"Moniteur Spot Connex\u00ae Welch Allyn\u00ae s\u00e9rie 71"},"content":{"rendered":"<ul>\n<li>\u00c9cran tactile vif et facile \u00e0 utiliser<\/li>\n<li>Fournit une mesure pr\u00e9cise des signes vitaux, y compris la moyenne de la tension art\u00e9rielle, la v\u00e9rification ponctuelle, la surveillance des intervalles et la notation personnalis\u00e9e pour toutes les populations de patients<\/li>\n<\/ul>\n","protected":false},"excerpt":{"rendered":"<p>\u00c9cran tactile vif et facile \u00e0 utiliser Fournit une mesure  [&#8230;]<\/p>\n","protected":false},"author":4,"featured_media":308,"template":"","product-categories":[456],"product-rooms":[198,74],"product-variations":[601,599,600,92],"clients":[],"class_list":["post-1484","product","type-product","status-publish","has-post-thumbnail","hentry","product_cat-monitoring-fr","product_room-surgery-centre-operating-room-fr","product_room-exam-room-fr","product_variation-tension-arterielle-seulement","product_variation-tension-arterielle-spo2-nonin-thermometre-auriculaire-braun-thermoscan-pro-6000","product_variation-tension-arterielle-spo2-nonin-thermometre-suretemp-plus","product_variation-configuration-fr"],"acf":[],"_links":{"self":[{"href":"https:\/\/medlinecapitalquote.ca\/fr\/wp-json\/wp\/v2\/products\/1484","targetHints":{"allow":["GET"]}}],"collection":[{"href":"https:\/\/medlinecapitalquote.ca\/fr\/wp-json\/wp\/v2\/products"}],"about":[{"href":"https:\/\/medlinecapitalquote.ca\/fr\/wp-json\/wp\/v2\/types\/product"}],"author":[{"embeddable":true,"href":"https:\/\/medlinecapitalquote.ca\/fr\/wp-json\/wp\/v2\/users\/4"}],"wp:featuredmedia":[{"embeddable":true,"href":"https:\/\/medlinecapitalquote.ca\/fr\/wp-json\/wp\/v2\/media\/308"}],"wp:attachment":[{"href":"https:\/\/medlinecapitalquote.ca\/fr\/wp-json\/wp\/v2\/media?parent=1484"}],"wp:term":[{"taxonomy":"product_cat","embeddable":true,"href":"https:\/\/medlinecapitalquote.ca\/fr\/wp-json\/wp\/v2\/product-categories?post=1484"},{"taxonomy":"product_room","embeddable":true,"href":"https:\/\/medlinecapitalquote.ca\/fr\/wp-json\/wp\/v2\/product-rooms?post=1484"},{"taxonomy":"product_variation","embeddable":true,"href":"https:\/\/medlinecapitalquote.ca\/fr\/wp-json\/wp\/v2\/product-variations?post=1484"},{"taxonomy":"client","embeddable":true,"href":"https:\/\/medlinecapitalquote.ca\/fr\/wp-json\/wp\/v2\/clients?post=1484"}],"curies":[{"name":"wp","href":"https:\/\/api.w.org\/{rel}","templated":true}]}}