{"id":1486,"date":"2025-12-25T10:01:55","date_gmt":"2025-12-25T10:01:55","guid":{"rendered":"https:\/\/medlinecapitalquote.ca\/products\/moniteur-spot-connex-welch-allyn-modele-73\/"},"modified":"2025-12-31T08:50:33","modified_gmt":"2025-12-31T08:50:33","slug":"moniteur-spot-connex-welch-allyn-modele-73","status":"publish","type":"product","link":"https:\/\/medlinecapitalquote.ca\/fr\/products\/moniteur-spot-connex-welch-allyn-modele-73\/","title":{"rendered":"Moniteur Spot Connex\u00ae Welch Allyn\u00ae, mod\u00e8le 73"},"content":{"rendered":"<ul>\n<li>\u00c9cran tactile vif et facile \u00e0 utiliser<\/li>\n<li>Fournit une mesure pr\u00e9cise des signes vitaux, y compris la moyenne de la tension art\u00e9rielle, la v\u00e9rification ponctuelle, la surveillance des intervalles et la notation personnalis\u00e9e pour toutes les populations de patients<\/li>\n<\/ul>\n","protected":false},"excerpt":{"rendered":"<p>\u00c9cran tactile vif et facile \u00e0 utiliser Fournit une mesure  [&#8230;]<\/p>\n","protected":false},"author":4,"featured_media":311,"template":"","product-categories":[456],"product-rooms":[198,74],"product-variations":[602,603,604,605,92],"clients":[],"class_list":["post-1486","product","type-product","status-publish","has-post-thumbnail","hentry","product_cat-monitoring-fr","product_room-surgery-centre-operating-room-fr","product_room-exam-room-fr","product_variation-sp02-covidien-thermometre-suretemp-plus","product_variation-spo2-masimo-thermometre-auriculaire-braun-pro-6000","product_variation-spo2-masimo-thermometre-suretemp-plus","product_variation-spo2-nonin-thermometre-suretemp-plus","product_variation-configuration-fr"],"acf":[],"_links":{"self":[{"href":"https:\/\/medlinecapitalquote.ca\/fr\/wp-json\/wp\/v2\/products\/1486","targetHints":{"allow":["GET"]}}],"collection":[{"href":"https:\/\/medlinecapitalquote.ca\/fr\/wp-json\/wp\/v2\/products"}],"about":[{"href":"https:\/\/medlinecapitalquote.ca\/fr\/wp-json\/wp\/v2\/types\/product"}],"author":[{"embeddable":true,"href":"https:\/\/medlinecapitalquote.ca\/fr\/wp-json\/wp\/v2\/users\/4"}],"wp:featuredmedia":[{"embeddable":true,"href":"https:\/\/medlinecapitalquote.ca\/fr\/wp-json\/wp\/v2\/media\/311"}],"wp:attachment":[{"href":"https:\/\/medlinecapitalquote.ca\/fr\/wp-json\/wp\/v2\/media?parent=1486"}],"wp:term":[{"taxonomy":"product_cat","embeddable":true,"href":"https:\/\/medlinecapitalquote.ca\/fr\/wp-json\/wp\/v2\/product-categories?post=1486"},{"taxonomy":"product_room","embeddable":true,"href":"https:\/\/medlinecapitalquote.ca\/fr\/wp-json\/wp\/v2\/product-rooms?post=1486"},{"taxonomy":"product_variation","embeddable":true,"href":"https:\/\/medlinecapitalquote.ca\/fr\/wp-json\/wp\/v2\/product-variations?post=1486"},{"taxonomy":"client","embeddable":true,"href":"https:\/\/medlinecapitalquote.ca\/fr\/wp-json\/wp\/v2\/clients?post=1486"}],"curies":[{"name":"wp","href":"https:\/\/api.w.org\/{rel}","templated":true}]}}