{"id":1488,"date":"2025-12-25T11:32:51","date_gmt":"2025-12-25T11:32:51","guid":{"rendered":"https:\/\/medlinecapitalquote.ca\/products\/moniteur-spot-connex-welch-allyn-serie-74-filaire\/"},"modified":"2025-12-31T09:03:20","modified_gmt":"2025-12-31T09:03:20","slug":"moniteur-spot-connex-welch-allyn-serie-74-filaire","status":"publish","type":"product","link":"https:\/\/medlinecapitalquote.ca\/fr\/products\/moniteur-spot-connex-welch-allyn-serie-74-filaire\/","title":{"rendered":"Moniteur Spot Connex\u00ae Welch Allyn\u00ae s\u00e9rie 74, filaire"},"content":{"rendered":"<ul>\n<li>Les moniteurs Spot Connex sont dot\u00e9s d\u2019un \u00e9cran tactile vif et facile \u00e0 utiliser<\/li>\n<li>Fournit une mesure pr\u00e9cise des signes vitaux, y compris la moyenne de la tension art\u00e9rielle, la v\u00e9rification ponctuelle, la surveillance des intervalles et la notation personnalis\u00e9e pour toutes les populations de patients<\/li>\n<li>Id\u00e9al pour les h\u00f4pitaux standard et les soins de longue dur\u00e9e (\u00e9volutif vers le Wi-Fi)<\/li>\n<\/ul>\n","protected":false},"excerpt":{"rendered":"<p>Les moniteurs Spot Connex sont dot\u00e9s d\u2019un \u00e9cran tactile vif  [&#8230;]<\/p>\n","protected":false},"author":4,"featured_media":321,"template":"","product-categories":[456],"product-rooms":[198,74],"product-variations":[609,607,608,606,814,92],"clients":[],"class_list":["post-1488","product","type-product","status-publish","has-post-thumbnail","hentry","product_cat-monitoring-fr","product_room-surgery-centre-operating-room-fr","product_room-exam-room-fr","product_variation-tension-arterielle-et-spo2-masimo","product_variation-tension-arterielle-spo2-masimo-thermometre-auriculaire-braun-thermoscan-pro-6000","product_variation-tension-arterielle-spo2-masimo-thermometre-suretemp-plus","product_variation-tension-arterielle-spo2-nellcor-thermometre-auriculaire-braun-thermoscan-pro-6000","product_variation-tension-arterielle-spo2-nellcor-thermometre-suretemp-plus","product_variation-configuration-fr"],"acf":[],"_links":{"self":[{"href":"https:\/\/medlinecapitalquote.ca\/fr\/wp-json\/wp\/v2\/products\/1488","targetHints":{"allow":["GET"]}}],"collection":[{"href":"https:\/\/medlinecapitalquote.ca\/fr\/wp-json\/wp\/v2\/products"}],"about":[{"href":"https:\/\/medlinecapitalquote.ca\/fr\/wp-json\/wp\/v2\/types\/product"}],"author":[{"embeddable":true,"href":"https:\/\/medlinecapitalquote.ca\/fr\/wp-json\/wp\/v2\/users\/4"}],"wp:featuredmedia":[{"embeddable":true,"href":"https:\/\/medlinecapitalquote.ca\/fr\/wp-json\/wp\/v2\/media\/321"}],"wp:attachment":[{"href":"https:\/\/medlinecapitalquote.ca\/fr\/wp-json\/wp\/v2\/media?parent=1488"}],"wp:term":[{"taxonomy":"product_cat","embeddable":true,"href":"https:\/\/medlinecapitalquote.ca\/fr\/wp-json\/wp\/v2\/product-categories?post=1488"},{"taxonomy":"product_room","embeddable":true,"href":"https:\/\/medlinecapitalquote.ca\/fr\/wp-json\/wp\/v2\/product-rooms?post=1488"},{"taxonomy":"product_variation","embeddable":true,"href":"https:\/\/medlinecapitalquote.ca\/fr\/wp-json\/wp\/v2\/product-variations?post=1488"},{"taxonomy":"client","embeddable":true,"href":"https:\/\/medlinecapitalquote.ca\/fr\/wp-json\/wp\/v2\/clients?post=1488"}],"curies":[{"name":"wp","href":"https:\/\/api.w.org\/{rel}","templated":true}]}}