{"id":1492,"date":"2025-12-29T06:29:28","date_gmt":"2025-12-29T06:29:28","guid":{"rendered":"https:\/\/medlinecapitalquote.ca\/products\/station-de-travail-pc-a-ecran-plat-midmark-6212\/"},"modified":"2026-01-09T12:02:44","modified_gmt":"2026-01-09T12:02:44","slug":"station-de-travail-pc-a-ecran-plat-midmark-6212","status":"publish","type":"product","link":"https:\/\/medlinecapitalquote.ca\/fr\/products\/station-de-travail-pc-a-ecran-plat-midmark-6212\/","title":{"rendered":"Station de travail PC \u00e0 \u00e9cran plat Midmark\u00ae 6212"},"content":{"rendered":"<ul>\n<li>26 po de haut, ajustable de 23 po \u00e0 49 po<\/li>\n<li>Bras du moniteur permettant un ajustement vertical ind\u00e9pendant de 9,5 po, une inclinaison positive jusqu\u2019\u00e0 40\u00b0, un poids de 5 lb (plage de capacit\u00e9 jusqu&rsquo;\u00e0 20 lb) et une rotation ind\u00e9pendante sur 180\u00b0<\/li>\n<li>Deux roulettes verrouillables \u00e0 l\u2019avant bloquent la roue et le pivotement simultan\u00e9ment<\/li>\n<li>Bras d\u2019\u00e9cran plat avec plaques de montage standard de 100 mm et 75 mm<\/li>\n<\/ul>\n","protected":false},"excerpt":{"rendered":"<p>26 po de haut, ajustable de 23 po \u00e0 49  [&#8230;]<\/p>\n","protected":false},"author":5,"featured_media":2161,"template":"","product-categories":[475],"product-rooms":[198,74],"product-variations":[],"clients":[],"class_list":["post-1492","product","type-product","status-publish","has-post-thumbnail","hentry","product_cat-worktations-fr","product_room-surgery-centre-operating-room-fr","product_room-exam-room-fr"],"acf":[],"_links":{"self":[{"href":"https:\/\/medlinecapitalquote.ca\/fr\/wp-json\/wp\/v2\/products\/1492","targetHints":{"allow":["GET"]}}],"collection":[{"href":"https:\/\/medlinecapitalquote.ca\/fr\/wp-json\/wp\/v2\/products"}],"about":[{"href":"https:\/\/medlinecapitalquote.ca\/fr\/wp-json\/wp\/v2\/types\/product"}],"author":[{"embeddable":true,"href":"https:\/\/medlinecapitalquote.ca\/fr\/wp-json\/wp\/v2\/users\/5"}],"wp:featuredmedia":[{"embeddable":true,"href":"https:\/\/medlinecapitalquote.ca\/fr\/wp-json\/wp\/v2\/media\/2161"}],"wp:attachment":[{"href":"https:\/\/medlinecapitalquote.ca\/fr\/wp-json\/wp\/v2\/media?parent=1492"}],"wp:term":[{"taxonomy":"product_cat","embeddable":true,"href":"https:\/\/medlinecapitalquote.ca\/fr\/wp-json\/wp\/v2\/product-categories?post=1492"},{"taxonomy":"product_room","embeddable":true,"href":"https:\/\/medlinecapitalquote.ca\/fr\/wp-json\/wp\/v2\/product-rooms?post=1492"},{"taxonomy":"product_variation","embeddable":true,"href":"https:\/\/medlinecapitalquote.ca\/fr\/wp-json\/wp\/v2\/product-variations?post=1492"},{"taxonomy":"client","embeddable":true,"href":"https:\/\/medlinecapitalquote.ca\/fr\/wp-json\/wp\/v2\/clients?post=1492"}],"curies":[{"name":"wp","href":"https:\/\/api.w.org\/{rel}","templated":true}]}}