{"id":1494,"date":"2025-12-26T06:06:24","date_gmt":"2025-12-26T06:06:24","guid":{"rendered":"https:\/\/medlinecapitalquote.ca\/products\/systeme-de-surveillance-des-indicateurs-biologiques-3m-attest\/"},"modified":"2026-03-13T09:32:08","modified_gmt":"2026-03-13T09:32:08","slug":"systeme-de-surveillance-des-indicateurs-biologiques-3m-attest","status":"publish","type":"product","link":"https:\/\/medlinecapitalquote.ca\/fr\/products\/systeme-de-surveillance-des-indicateurs-biologiques-3m-attest\/","title":{"rendered":"Syst\u00e8me de surveillance des indicateurs biologiques 3M\u2122 Attest\u2122"},"content":{"rendered":"<ul>\n<li>Les indicateurs biologiques autonomes r\u00e9duisent le risque de contamination et de faux positifs<\/li>\n<li>\u00c9crasement automatique du flacon pour lib\u00e9rer le produit, pour une s\u00e9curit\u00e9 et une facilit\u00e9 d&rsquo;utilisation accrues<\/li>\n<\/ul>\n","protected":false},"excerpt":{"rendered":"<p>Les indicateurs biologiques autonomes r\u00e9duisent le risque de contamination et  [&#8230;]<\/p>\n","protected":false},"author":4,"featured_media":446,"template":"","product-categories":[469],"product-rooms":[198,1116],"product-variations":[],"clients":[],"class_list":["post-1494","product","type-product","status-publish","has-post-thumbnail","hentry","product_cat-sterilization-monitoring-products-fr","product_room-surgery-centre-operating-room-fr","product_room-sterilization-room-fr"],"acf":[],"_links":{"self":[{"href":"https:\/\/medlinecapitalquote.ca\/fr\/wp-json\/wp\/v2\/products\/1494","targetHints":{"allow":["GET"]}}],"collection":[{"href":"https:\/\/medlinecapitalquote.ca\/fr\/wp-json\/wp\/v2\/products"}],"about":[{"href":"https:\/\/medlinecapitalquote.ca\/fr\/wp-json\/wp\/v2\/types\/product"}],"author":[{"embeddable":true,"href":"https:\/\/medlinecapitalquote.ca\/fr\/wp-json\/wp\/v2\/users\/4"}],"wp:featuredmedia":[{"embeddable":true,"href":"https:\/\/medlinecapitalquote.ca\/fr\/wp-json\/wp\/v2\/media\/446"}],"wp:attachment":[{"href":"https:\/\/medlinecapitalquote.ca\/fr\/wp-json\/wp\/v2\/media?parent=1494"}],"wp:term":[{"taxonomy":"product_cat","embeddable":true,"href":"https:\/\/medlinecapitalquote.ca\/fr\/wp-json\/wp\/v2\/product-categories?post=1494"},{"taxonomy":"product_room","embeddable":true,"href":"https:\/\/medlinecapitalquote.ca\/fr\/wp-json\/wp\/v2\/product-rooms?post=1494"},{"taxonomy":"product_variation","embeddable":true,"href":"https:\/\/medlinecapitalquote.ca\/fr\/wp-json\/wp\/v2\/product-variations?post=1494"},{"taxonomy":"client","embeddable":true,"href":"https:\/\/medlinecapitalquote.ca\/fr\/wp-json\/wp\/v2\/clients?post=1494"}],"curies":[{"name":"wp","href":"https:\/\/api.w.org\/{rel}","templated":true}]}}