{"id":1498,"date":"2025-12-29T07:08:03","date_gmt":"2025-12-29T07:08:03","guid":{"rendered":"https:\/\/medlinecapitalquote.ca\/products\/table-dexamen-pediatrique-midmark-640\/"},"modified":"2026-01-09T11:56:40","modified_gmt":"2026-01-09T11:56:40","slug":"table-dexamen-pediatrique-midmark-640","status":"publish","type":"product","link":"https:\/\/medlinecapitalquote.ca\/fr\/products\/table-dexamen-pediatrique-midmark-640\/","title":{"rendered":"Table d&rsquo;examen p\u00e9diatrique Midmark\u00ae 640"},"content":{"rendered":"<ul>\n<li>Pesez, mesurez et examinez les nourrissons en toute s\u00e9curit\u00e9 et en toute tranquillit\u00e9 dans un seul endroit<\/li>\n<li>Dot\u00e9e des caract\u00e9ristiques uniques dont vous avez besoin pour prodiguer les meilleurs soins, en toute s\u00e9curit\u00e9, \u00e0 vos patients les plus pr\u00e9cieux<\/li>\n<li>Balance int\u00e9gr\u00e9e facile \u00e0 utiliser, pr\u00e9cise \u00e0 1-2 oz pr\u00e8s selon le poids<\/li>\n<li>Panneaux d&rsquo;extr\u00e9mit\u00e9 rembourr\u00e9s et c\u00f4t\u00e9s biseaut\u00e9s prot\u00e9geant vos objets les plus pr\u00e9cieux contre les chutes<\/li>\n<li>Tiroir surdimensionn\u00e9, espace de rangement volumineux et porte-rouleau cach\u00e9 vous permettant de garder ce dont vous avez besoin \u00e0 port\u00e9e de main<\/li>\n<\/ul>\n","protected":false},"excerpt":{"rendered":"<p>Pesez, mesurez et examinez les nourrissons en toute s\u00e9curit\u00e9 et  [&#8230;]<\/p>\n","protected":false},"author":5,"featured_media":2161,"template":"","product-categories":[447],"product-rooms":[74],"product-variations":[95,681],"clients":[],"class_list":["post-1498","product","type-product","status-publish","has-post-thumbnail","hentry","product_cat-exam-and-procedure-tables-fr","product_room-exam-room-fr","product_variation-colour-fr","product_variation-soothing-blue-fr"],"acf":[],"_links":{"self":[{"href":"https:\/\/medlinecapitalquote.ca\/fr\/wp-json\/wp\/v2\/products\/1498","targetHints":{"allow":["GET"]}}],"collection":[{"href":"https:\/\/medlinecapitalquote.ca\/fr\/wp-json\/wp\/v2\/products"}],"about":[{"href":"https:\/\/medlinecapitalquote.ca\/fr\/wp-json\/wp\/v2\/types\/product"}],"author":[{"embeddable":true,"href":"https:\/\/medlinecapitalquote.ca\/fr\/wp-json\/wp\/v2\/users\/5"}],"wp:featuredmedia":[{"embeddable":true,"href":"https:\/\/medlinecapitalquote.ca\/fr\/wp-json\/wp\/v2\/media\/2161"}],"wp:attachment":[{"href":"https:\/\/medlinecapitalquote.ca\/fr\/wp-json\/wp\/v2\/media?parent=1498"}],"wp:term":[{"taxonomy":"product_cat","embeddable":true,"href":"https:\/\/medlinecapitalquote.ca\/fr\/wp-json\/wp\/v2\/product-categories?post=1498"},{"taxonomy":"product_room","embeddable":true,"href":"https:\/\/medlinecapitalquote.ca\/fr\/wp-json\/wp\/v2\/product-rooms?post=1498"},{"taxonomy":"product_variation","embeddable":true,"href":"https:\/\/medlinecapitalquote.ca\/fr\/wp-json\/wp\/v2\/product-variations?post=1498"},{"taxonomy":"client","embeddable":true,"href":"https:\/\/medlinecapitalquote.ca\/fr\/wp-json\/wp\/v2\/clients?post=1498"}],"curies":[{"name":"wp","href":"https:\/\/api.w.org\/{rel}","templated":true}]}}