{"id":1499,"date":"2025-12-26T06:10:17","date_gmt":"2025-12-26T06:10:17","guid":{"rendered":"https:\/\/medlinecapitalquote.ca\/products\/etiqueteuse-3m-comply\/"},"modified":"2026-03-13T09:35:54","modified_gmt":"2026-03-13T09:35:54","slug":"etiqueteuse-3m-comply","status":"publish","type":"product","link":"https:\/\/medlinecapitalquote.ca\/fr\/products\/etiqueteuse-3m-comply\/","title":{"rendered":"\u00c9tiqueteuse 3M\u2122 Comply\u2122"},"content":{"rendered":"<ul>\n<li>Imprime et applique les \u00e9tiquettes directement l\u00e0 o\u00f9 elles sont n\u00e9cessaires<\/li>\n<li>L&rsquo;applicateur d&rsquo;\u00e9tiquettes avec le syst\u00e8me d&rsquo;\u00e9tiquettes de charge de st\u00e9rilisation consiste en un applicateur d&rsquo;impression qui applique des \u00e9tiquettes de charge de st\u00e9rilisation sur les emballages \u00e0 des fins d&rsquo;identification et de rappel<\/li>\n<\/ul>\n","protected":false},"excerpt":{"rendered":"<p>Imprime et applique les \u00e9tiquettes directement l\u00e0 o\u00f9 elles sont  [&#8230;]<\/p>\n","protected":false},"author":4,"featured_media":449,"template":"","product-categories":[469],"product-rooms":[198,1116],"product-variations":[],"clients":[],"class_list":["post-1499","product","type-product","status-publish","has-post-thumbnail","hentry","product_cat-sterilization-monitoring-products-fr","product_room-surgery-centre-operating-room-fr","product_room-sterilization-room-fr"],"acf":[],"_links":{"self":[{"href":"https:\/\/medlinecapitalquote.ca\/fr\/wp-json\/wp\/v2\/products\/1499","targetHints":{"allow":["GET"]}}],"collection":[{"href":"https:\/\/medlinecapitalquote.ca\/fr\/wp-json\/wp\/v2\/products"}],"about":[{"href":"https:\/\/medlinecapitalquote.ca\/fr\/wp-json\/wp\/v2\/types\/product"}],"author":[{"embeddable":true,"href":"https:\/\/medlinecapitalquote.ca\/fr\/wp-json\/wp\/v2\/users\/4"}],"wp:featuredmedia":[{"embeddable":true,"href":"https:\/\/medlinecapitalquote.ca\/fr\/wp-json\/wp\/v2\/media\/449"}],"wp:attachment":[{"href":"https:\/\/medlinecapitalquote.ca\/fr\/wp-json\/wp\/v2\/media?parent=1499"}],"wp:term":[{"taxonomy":"product_cat","embeddable":true,"href":"https:\/\/medlinecapitalquote.ca\/fr\/wp-json\/wp\/v2\/product-categories?post=1499"},{"taxonomy":"product_room","embeddable":true,"href":"https:\/\/medlinecapitalquote.ca\/fr\/wp-json\/wp\/v2\/product-rooms?post=1499"},{"taxonomy":"product_variation","embeddable":true,"href":"https:\/\/medlinecapitalquote.ca\/fr\/wp-json\/wp\/v2\/product-variations?post=1499"},{"taxonomy":"client","embeddable":true,"href":"https:\/\/medlinecapitalquote.ca\/fr\/wp-json\/wp\/v2\/clients?post=1499"}],"curies":[{"name":"wp","href":"https:\/\/api.w.org\/{rel}","templated":true}]}}