{"id":1500,"date":"2025-12-26T06:14:19","date_gmt":"2025-12-26T06:14:19","guid":{"rendered":"https:\/\/medlinecapitalquote.ca\/products\/module-de-rechauffement-de-sang-fluides-ranger-3m\/"},"modified":"2025-12-31T09:33:47","modified_gmt":"2025-12-31T09:33:47","slug":"module-de-rechauffement-de-sang-fluides-ranger-3m","status":"publish","type":"product","link":"https:\/\/medlinecapitalquote.ca\/fr\/products\/module-de-rechauffement-de-sang-fluides-ranger-3m\/","title":{"rendered":"Module de r\u00e9chauffement de sang\/fluides Ranger\u2122 3M\u2122"},"content":{"rendered":"<ul>\n<li>Temp\u00e9rature de consigne de 106 \u00b0F (41 \u00b0C)<\/li>\n<li>Alarme sonore\/visible si la temp\u00e9rature des fluides d\u00e9passe 108 \u00b0F (42 \u00b0C)<\/li>\n<li>Exc\u00e8s de chaleur non retenu afin d&rsquo;\u00e9liminer le risque de surchauffe d\u00fb aux variations de d\u00e9bit<\/li>\n<li>Plaques de r\u00e9chauffement con\u00e7ues pour maximiser le transfert de chaleur<\/li>\n<li>Grand affichage de la temp\u00e9rature facile \u00e0 lire<\/li>\n<li>Circuit d\u2019\u00e9coulement \u00e0 faible r\u00e9sistance<\/li>\n<li>Fonction de test en cas de surchauffe<\/li>\n<li>Conception compacte et pince de tige \u00e0 solut\u00e9 int\u00e9gr\u00e9e<\/li>\n<\/ul>\n","protected":false},"excerpt":{"rendered":"<p>Temp\u00e9rature de consigne de 106 \u00b0F (41 \u00b0C) Alarme sonore\/visible  [&#8230;]<\/p>\n","protected":false},"author":4,"featured_media":453,"template":"","product-categories":[252],"product-rooms":[198],"product-variations":[],"clients":[],"class_list":["post-1500","product","type-product","status-publish","has-post-thumbnail","hentry","product_cat-positioners-and-warming-products-fr","product_room-surgery-centre-operating-room-fr"],"acf":[],"_links":{"self":[{"href":"https:\/\/medlinecapitalquote.ca\/fr\/wp-json\/wp\/v2\/products\/1500","targetHints":{"allow":["GET"]}}],"collection":[{"href":"https:\/\/medlinecapitalquote.ca\/fr\/wp-json\/wp\/v2\/products"}],"about":[{"href":"https:\/\/medlinecapitalquote.ca\/fr\/wp-json\/wp\/v2\/types\/product"}],"author":[{"embeddable":true,"href":"https:\/\/medlinecapitalquote.ca\/fr\/wp-json\/wp\/v2\/users\/4"}],"wp:featuredmedia":[{"embeddable":true,"href":"https:\/\/medlinecapitalquote.ca\/fr\/wp-json\/wp\/v2\/media\/453"}],"wp:attachment":[{"href":"https:\/\/medlinecapitalquote.ca\/fr\/wp-json\/wp\/v2\/media?parent=1500"}],"wp:term":[{"taxonomy":"product_cat","embeddable":true,"href":"https:\/\/medlinecapitalquote.ca\/fr\/wp-json\/wp\/v2\/product-categories?post=1500"},{"taxonomy":"product_room","embeddable":true,"href":"https:\/\/medlinecapitalquote.ca\/fr\/wp-json\/wp\/v2\/product-rooms?post=1500"},{"taxonomy":"product_variation","embeddable":true,"href":"https:\/\/medlinecapitalquote.ca\/fr\/wp-json\/wp\/v2\/product-variations?post=1500"},{"taxonomy":"client","embeddable":true,"href":"https:\/\/medlinecapitalquote.ca\/fr\/wp-json\/wp\/v2\/clients?post=1500"}],"curies":[{"name":"wp","href":"https:\/\/api.w.org\/{rel}","templated":true}]}}