{"id":1503,"date":"2025-12-26T06:16:46","date_gmt":"2025-12-26T06:16:46","guid":{"rendered":"https:\/\/medlinecapitalquote.ca\/products\/lecteur-automatique-de-sterilisation-3m-attest-vapeur\/"},"modified":"2026-03-13T09:39:28","modified_gmt":"2026-03-13T09:39:28","slug":"lecteur-automatique-de-sterilisation-3m-attest-vapeur","status":"publish","type":"product","link":"https:\/\/medlinecapitalquote.ca\/fr\/products\/lecteur-automatique-de-sterilisation-3m-attest-vapeur\/","title":{"rendered":"Lecteur automatique de st\u00e9rilisation 3M\u2122 Attest\u2122, vapeur"},"content":{"rendered":"<ul>\n<li>\u00c9cran intelligent avec fonction de compte \u00e0 rebours avant r\u00e9sultat<\/li>\n<li>Application Web pour g\u00e9rer les enregistrements avec votre PC<\/li>\n<li>\u00c9cran pouvant \u00eatre visualis\u00e9 \u00e0 distance sur votre smartphone<\/li>\n<li>Alarme sonore<\/li>\n<li>Con\u00e7u pour \u00eatre utilis\u00e9 avec les indicateurs biologiques \u00e0 lecture rapide Attest et les paquets-tests 1291, 1292, 1296, 1296F, 41382, 41382F<\/li>\n<\/ul>\n","protected":false},"excerpt":{"rendered":"<p>\u00c9cran intelligent avec fonction de compte \u00e0 rebours avant r\u00e9sultat  [&#8230;]<\/p>\n","protected":false},"author":4,"featured_media":459,"template":"","product-categories":[469],"product-rooms":[198,1116],"product-variations":[],"clients":[],"class_list":["post-1503","product","type-product","status-publish","has-post-thumbnail","hentry","product_cat-sterilization-monitoring-products-fr","product_room-surgery-centre-operating-room-fr","product_room-sterilization-room-fr"],"acf":[],"_links":{"self":[{"href":"https:\/\/medlinecapitalquote.ca\/fr\/wp-json\/wp\/v2\/products\/1503","targetHints":{"allow":["GET"]}}],"collection":[{"href":"https:\/\/medlinecapitalquote.ca\/fr\/wp-json\/wp\/v2\/products"}],"about":[{"href":"https:\/\/medlinecapitalquote.ca\/fr\/wp-json\/wp\/v2\/types\/product"}],"author":[{"embeddable":true,"href":"https:\/\/medlinecapitalquote.ca\/fr\/wp-json\/wp\/v2\/users\/4"}],"wp:featuredmedia":[{"embeddable":true,"href":"https:\/\/medlinecapitalquote.ca\/fr\/wp-json\/wp\/v2\/media\/459"}],"wp:attachment":[{"href":"https:\/\/medlinecapitalquote.ca\/fr\/wp-json\/wp\/v2\/media?parent=1503"}],"wp:term":[{"taxonomy":"product_cat","embeddable":true,"href":"https:\/\/medlinecapitalquote.ca\/fr\/wp-json\/wp\/v2\/product-categories?post=1503"},{"taxonomy":"product_room","embeddable":true,"href":"https:\/\/medlinecapitalquote.ca\/fr\/wp-json\/wp\/v2\/product-rooms?post=1503"},{"taxonomy":"product_variation","embeddable":true,"href":"https:\/\/medlinecapitalquote.ca\/fr\/wp-json\/wp\/v2\/product-variations?post=1503"},{"taxonomy":"client","embeddable":true,"href":"https:\/\/medlinecapitalquote.ca\/fr\/wp-json\/wp\/v2\/clients?post=1503"}],"curies":[{"name":"wp","href":"https:\/\/api.w.org\/{rel}","templated":true}]}}