{"id":1504,"date":"2025-12-29T07:12:17","date_gmt":"2025-12-29T07:12:17","guid":{"rendered":"https:\/\/medlinecapitalquote.ca\/products\/fauteuil-dintervention-electrique-midmark-barrier-free-641\/"},"modified":"2026-01-07T16:16:43","modified_gmt":"2026-01-07T16:16:43","slug":"fauteuil-dintervention-electrique-midmark-barrier-free-641","status":"publish","type":"product","link":"https:\/\/medlinecapitalquote.ca\/fr\/products\/fauteuil-dintervention-electrique-midmark-barrier-free-641\/","title":{"rendered":"Fauteuil d&rsquo;intervention \u00e9lectrique Midmark Barrier-Free\u00ae 641"},"content":{"rendered":"<ul>\n<li>Le si\u00e8ge motoris\u00e9 vous permet de positionner les patients conform\u00e9ment \u00e0 vos besoins<\/li>\n<li>La fonction Premium Comfort System am\u00e9liore le confort du patient<\/li>\n<li>Aide \u00e0 avoir un acc\u00e8s sans obstacle \u00e0 la t\u00eate et au cou du patient pour travailler confortablement et efficacement<\/li>\n<\/ul>\n","protected":false},"excerpt":{"rendered":"<p>Le si\u00e8ge motoris\u00e9 vous permet de positionner les patients conform\u00e9ment  [&#8230;]<\/p>\n","protected":false},"author":5,"featured_media":1095,"template":"","product-categories":[447],"product-rooms":[74],"product-variations":[678,679,682,680,92],"clients":[],"class_list":["post-1504","product","type-product","status-publish","has-post-thumbnail","hentry","product_cat-exam-and-procedure-tables-fr","product_room-exam-room-fr","product_variation-non-programmable-fr","product_variation-non-programmable-base-rotative","product_variation-programmable","product_variation-programmable-base-rotative","product_variation-configuration-fr"],"acf":[],"_links":{"self":[{"href":"https:\/\/medlinecapitalquote.ca\/fr\/wp-json\/wp\/v2\/products\/1504","targetHints":{"allow":["GET"]}}],"collection":[{"href":"https:\/\/medlinecapitalquote.ca\/fr\/wp-json\/wp\/v2\/products"}],"about":[{"href":"https:\/\/medlinecapitalquote.ca\/fr\/wp-json\/wp\/v2\/types\/product"}],"author":[{"embeddable":true,"href":"https:\/\/medlinecapitalquote.ca\/fr\/wp-json\/wp\/v2\/users\/5"}],"wp:featuredmedia":[{"embeddable":true,"href":"https:\/\/medlinecapitalquote.ca\/fr\/wp-json\/wp\/v2\/media\/1095"}],"wp:attachment":[{"href":"https:\/\/medlinecapitalquote.ca\/fr\/wp-json\/wp\/v2\/media?parent=1504"}],"wp:term":[{"taxonomy":"product_cat","embeddable":true,"href":"https:\/\/medlinecapitalquote.ca\/fr\/wp-json\/wp\/v2\/product-categories?post=1504"},{"taxonomy":"product_room","embeddable":true,"href":"https:\/\/medlinecapitalquote.ca\/fr\/wp-json\/wp\/v2\/product-rooms?post=1504"},{"taxonomy":"product_variation","embeddable":true,"href":"https:\/\/medlinecapitalquote.ca\/fr\/wp-json\/wp\/v2\/product-variations?post=1504"},{"taxonomy":"client","embeddable":true,"href":"https:\/\/medlinecapitalquote.ca\/fr\/wp-json\/wp\/v2\/clients?post=1504"}],"curies":[{"name":"wp","href":"https:\/\/api.w.org\/{rel}","templated":true}]}}