{"id":1506,"date":"2025-12-26T06:19:42","date_gmt":"2025-12-26T06:19:42","guid":{"rendered":"https:\/\/medlinecapitalquote.ca\/products\/lecteur-automatique-double-pour-sterilisation-a-la-vapeur-et-au-peroxyde-dhydrogene-vaporise-3m-attest\/"},"modified":"2026-03-13T09:41:59","modified_gmt":"2026-03-13T09:41:59","slug":"lecteur-automatique-double-pour-sterilisation-a-la-vapeur-et-au-peroxyde-dhydrogene-vaporise-3m-attest","status":"publish","type":"product","link":"https:\/\/medlinecapitalquote.ca\/fr\/products\/lecteur-automatique-double-pour-sterilisation-a-la-vapeur-et-au-peroxyde-dhydrogene-vaporise-3m-attest\/","title":{"rendered":"Lecteur automatique double pour st\u00e9rilisation \u00e0 la vapeur et au peroxyde d\u2019hydrog\u00e8ne vaporis\u00e9 3M\u2122 Attest\u2122"},"content":{"rendered":"<ul>\n<li>Permet d&rsquo;obtenir des r\u00e9sultats pour la vapeur et le peroxyde d&rsquo;hydrog\u00e8ne vaporis\u00e9 (VH2O2) en seulement 24\u00a0minutes<\/li>\n<li>Affichage intelligent comportant un compte \u00e0 rebours facile \u00e0 lire pour chaque puits avec le temps jusqu&rsquo;au r\u00e9sultat<\/li>\n<li>Placez n&rsquo;importe quel indicateur biologique Attest 1491 ou 1492V (pour la vapeur) ou 1295 (pour le VH2O2) dans n&rsquo;importe quel puits du lecteur en m\u00eame temps<\/li>\n<li>Connectez-vous aux applications des produits 3M pour obtenir des r\u00e9sultats BI en temps r\u00e9el et int\u00e9grer rapidement les donn\u00e9es dans le syst\u00e8me de suivi de votre installation<\/li>\n<li>Les autres BI ne sont pas compatibles avec cet appareil<\/li>\n<\/ul>\n","protected":false},"excerpt":{"rendered":"<p>Permet d&rsquo;obtenir des r\u00e9sultats pour la vapeur et le peroxyde  [&#8230;]<\/p>\n","protected":false},"author":4,"featured_media":463,"template":"","product-categories":[469],"product-rooms":[198,1116],"product-variations":[],"clients":[],"class_list":["post-1506","product","type-product","status-publish","has-post-thumbnail","hentry","product_cat-sterilization-monitoring-products-fr","product_room-surgery-centre-operating-room-fr","product_room-sterilization-room-fr"],"acf":[],"_links":{"self":[{"href":"https:\/\/medlinecapitalquote.ca\/fr\/wp-json\/wp\/v2\/products\/1506","targetHints":{"allow":["GET"]}}],"collection":[{"href":"https:\/\/medlinecapitalquote.ca\/fr\/wp-json\/wp\/v2\/products"}],"about":[{"href":"https:\/\/medlinecapitalquote.ca\/fr\/wp-json\/wp\/v2\/types\/product"}],"author":[{"embeddable":true,"href":"https:\/\/medlinecapitalquote.ca\/fr\/wp-json\/wp\/v2\/users\/4"}],"wp:featuredmedia":[{"embeddable":true,"href":"https:\/\/medlinecapitalquote.ca\/fr\/wp-json\/wp\/v2\/media\/463"}],"wp:attachment":[{"href":"https:\/\/medlinecapitalquote.ca\/fr\/wp-json\/wp\/v2\/media?parent=1506"}],"wp:term":[{"taxonomy":"product_cat","embeddable":true,"href":"https:\/\/medlinecapitalquote.ca\/fr\/wp-json\/wp\/v2\/product-categories?post=1506"},{"taxonomy":"product_room","embeddable":true,"href":"https:\/\/medlinecapitalquote.ca\/fr\/wp-json\/wp\/v2\/product-rooms?post=1506"},{"taxonomy":"product_variation","embeddable":true,"href":"https:\/\/medlinecapitalquote.ca\/fr\/wp-json\/wp\/v2\/product-variations?post=1506"},{"taxonomy":"client","embeddable":true,"href":"https:\/\/medlinecapitalquote.ca\/fr\/wp-json\/wp\/v2\/clients?post=1506"}],"curies":[{"name":"wp","href":"https:\/\/api.w.org\/{rel}","templated":true}]}}