{"id":1514,"date":"2025-12-26T06:22:25","date_gmt":"2025-12-26T06:22:25","guid":{"rendered":"https:\/\/medlinecapitalquote.ca\/products\/mini-lecteur-automatique-3m-attest\/"},"modified":"2026-03-13T09:44:27","modified_gmt":"2026-03-13T09:44:27","slug":"mini-lecteur-automatique-3m-attest","status":"publish","type":"product","link":"https:\/\/medlinecapitalquote.ca\/fr\/products\/mini-lecteur-automatique-3m-attest\/","title":{"rendered":"Mini-lecteur automatique 3M\u2122 Attest\u2122"},"content":{"rendered":"<ul>\n<li>R\u00e9sultats en 24 minutes seulement<\/li>\n<li>Affichage intelligent extra-large, comportant un compte \u00e0 rebours facile \u00e0 lire m\u00eame \u00e0 distance<\/li>\n<li>Compatible avec les indicateurs biologiques Attest\u2122 1491, 1492V et 1295<\/li>\n<\/ul>\n","protected":false},"excerpt":{"rendered":"<p>R\u00e9sultats en 24 minutes seulement Affichage intelligent extra-large, comportant un  [&#8230;]<\/p>\n","protected":false},"author":4,"featured_media":466,"template":"","product-categories":[469],"product-rooms":[198,1116],"product-variations":[524,95],"clients":[],"class_list":["post-1514","product","type-product","status-publish","has-post-thumbnail","hentry","product_cat-sterilization-monitoring-products-fr","product_room-surgery-centre-operating-room-fr","product_room-sterilization-room-fr","product_variation-blanc","product_variation-colour-fr"],"acf":[],"_links":{"self":[{"href":"https:\/\/medlinecapitalquote.ca\/fr\/wp-json\/wp\/v2\/products\/1514","targetHints":{"allow":["GET"]}}],"collection":[{"href":"https:\/\/medlinecapitalquote.ca\/fr\/wp-json\/wp\/v2\/products"}],"about":[{"href":"https:\/\/medlinecapitalquote.ca\/fr\/wp-json\/wp\/v2\/types\/product"}],"author":[{"embeddable":true,"href":"https:\/\/medlinecapitalquote.ca\/fr\/wp-json\/wp\/v2\/users\/4"}],"wp:featuredmedia":[{"embeddable":true,"href":"https:\/\/medlinecapitalquote.ca\/fr\/wp-json\/wp\/v2\/media\/466"}],"wp:attachment":[{"href":"https:\/\/medlinecapitalquote.ca\/fr\/wp-json\/wp\/v2\/media?parent=1514"}],"wp:term":[{"taxonomy":"product_cat","embeddable":true,"href":"https:\/\/medlinecapitalquote.ca\/fr\/wp-json\/wp\/v2\/product-categories?post=1514"},{"taxonomy":"product_room","embeddable":true,"href":"https:\/\/medlinecapitalquote.ca\/fr\/wp-json\/wp\/v2\/product-rooms?post=1514"},{"taxonomy":"product_variation","embeddable":true,"href":"https:\/\/medlinecapitalquote.ca\/fr\/wp-json\/wp\/v2\/product-variations?post=1514"},{"taxonomy":"client","embeddable":true,"href":"https:\/\/medlinecapitalquote.ca\/fr\/wp-json\/wp\/v2\/clients?post=1514"}],"curies":[{"name":"wp","href":"https:\/\/api.w.org\/{rel}","templated":true}]}}