{"id":1519,"date":"2025-12-25T20:19:34","date_gmt":"2025-12-25T20:19:34","guid":{"rendered":"https:\/\/medlinecapitalquote.ca\/products\/piece-a-main-a-3-boutons-pour-dessiccateurs-bovie\/"},"modified":"2025-12-31T10:07:22","modified_gmt":"2025-12-31T10:07:22","slug":"piece-a-main-a-3-boutons-pour-dessiccateurs-bovie","status":"publish","type":"product","link":"https:\/\/medlinecapitalquote.ca\/fr\/products\/piece-a-main-a-3-boutons-pour-dessiccateurs-bovie\/","title":{"rendered":"Pi\u00e8ce \u00e0 main \u00e0 3 boutons pour dessiccateurs Bovie\u00ae"},"content":{"rendered":"<ul>\n<li>R\u00e9utilisable<\/li>\n<li>Autoclavable<\/li>\n<\/ul>\n","protected":false},"excerpt":{"rendered":"<p>R\u00e9utilisable Autoclavable<\/p>\n","protected":false},"author":3,"featured_media":1319,"template":"","product-categories":[197],"product-rooms":[198],"product-variations":[508,92],"clients":[],"class_list":["post-1519","product","type-product","status-publish","has-post-thumbnail","hentry","product_cat-cautery-and-accessories-fr","product_room-surgery-centre-operating-room-fr","product_variation-pour-aaron-900-940-et-950","product_variation-configuration-fr"],"acf":[],"_links":{"self":[{"href":"https:\/\/medlinecapitalquote.ca\/fr\/wp-json\/wp\/v2\/products\/1519","targetHints":{"allow":["GET"]}}],"collection":[{"href":"https:\/\/medlinecapitalquote.ca\/fr\/wp-json\/wp\/v2\/products"}],"about":[{"href":"https:\/\/medlinecapitalquote.ca\/fr\/wp-json\/wp\/v2\/types\/product"}],"author":[{"embeddable":true,"href":"https:\/\/medlinecapitalquote.ca\/fr\/wp-json\/wp\/v2\/users\/3"}],"wp:featuredmedia":[{"embeddable":true,"href":"https:\/\/medlinecapitalquote.ca\/fr\/wp-json\/wp\/v2\/media\/1319"}],"wp:attachment":[{"href":"https:\/\/medlinecapitalquote.ca\/fr\/wp-json\/wp\/v2\/media?parent=1519"}],"wp:term":[{"taxonomy":"product_cat","embeddable":true,"href":"https:\/\/medlinecapitalquote.ca\/fr\/wp-json\/wp\/v2\/product-categories?post=1519"},{"taxonomy":"product_room","embeddable":true,"href":"https:\/\/medlinecapitalquote.ca\/fr\/wp-json\/wp\/v2\/product-rooms?post=1519"},{"taxonomy":"product_variation","embeddable":true,"href":"https:\/\/medlinecapitalquote.ca\/fr\/wp-json\/wp\/v2\/product-variations?post=1519"},{"taxonomy":"client","embeddable":true,"href":"https:\/\/medlinecapitalquote.ca\/fr\/wp-json\/wp\/v2\/clients?post=1519"}],"curies":[{"name":"wp","href":"https:\/\/api.w.org\/{rel}","templated":true}]}}