{"id":1521,"date":"2025-12-26T06:27:03","date_gmt":"2025-12-26T06:27:03","guid":{"rendered":"https:\/\/medlinecapitalquote.ca\/products\/module-de-rechauffement-bair-hugger-3m\/"},"modified":"2025-12-31T10:09:48","modified_gmt":"2025-12-31T10:09:48","slug":"module-de-rechauffement-bair-hugger-3m","status":"publish","type":"product","link":"https:\/\/medlinecapitalquote.ca\/fr\/products\/module-de-rechauffement-bair-hugger-3m\/","title":{"rendered":"Module de r\u00e9chauffement Bair Hugger\u2122 3M\u2122"},"content":{"rendered":"<ul>\n<li>R\u00e9chauffement s\u00fbr et efficace<\/li>\n<li>Facile \u00e0 utiliser<\/li>\n<\/ul>\n","protected":false},"excerpt":{"rendered":"<p>R\u00e9chauffement s\u00fbr et efficace Facile \u00e0 utiliser<\/p>\n","protected":false},"author":4,"featured_media":471,"template":"","product-categories":[252],"product-rooms":[198],"product-variations":[844,92],"clients":[],"class_list":["post-1521","product","type-product","status-publish","has-post-thumbnail","hentry","product_cat-positioners-and-warming-products-fr","product_room-surgery-centre-operating-room-fr","product_variation-bair-paw-configuration-fr","product_variation-configuration-fr"],"acf":[],"_links":{"self":[{"href":"https:\/\/medlinecapitalquote.ca\/fr\/wp-json\/wp\/v2\/products\/1521","targetHints":{"allow":["GET"]}}],"collection":[{"href":"https:\/\/medlinecapitalquote.ca\/fr\/wp-json\/wp\/v2\/products"}],"about":[{"href":"https:\/\/medlinecapitalquote.ca\/fr\/wp-json\/wp\/v2\/types\/product"}],"author":[{"embeddable":true,"href":"https:\/\/medlinecapitalquote.ca\/fr\/wp-json\/wp\/v2\/users\/4"}],"wp:featuredmedia":[{"embeddable":true,"href":"https:\/\/medlinecapitalquote.ca\/fr\/wp-json\/wp\/v2\/media\/471"}],"wp:attachment":[{"href":"https:\/\/medlinecapitalquote.ca\/fr\/wp-json\/wp\/v2\/media?parent=1521"}],"wp:term":[{"taxonomy":"product_cat","embeddable":true,"href":"https:\/\/medlinecapitalquote.ca\/fr\/wp-json\/wp\/v2\/product-categories?post=1521"},{"taxonomy":"product_room","embeddable":true,"href":"https:\/\/medlinecapitalquote.ca\/fr\/wp-json\/wp\/v2\/product-rooms?post=1521"},{"taxonomy":"product_variation","embeddable":true,"href":"https:\/\/medlinecapitalquote.ca\/fr\/wp-json\/wp\/v2\/product-variations?post=1521"},{"taxonomy":"client","embeddable":true,"href":"https:\/\/medlinecapitalquote.ca\/fr\/wp-json\/wp\/v2\/clients?post=1521"}],"curies":[{"name":"wp","href":"https:\/\/api.w.org\/{rel}","templated":true}]}}