{"id":1522,"date":"2025-12-25T20:29:48","date_gmt":"2025-12-25T20:29:48","guid":{"rendered":"https:\/\/medlinecapitalquote.ca\/products\/piece-a-main-a-commande-de-puissance-a-3-boutons-bovie-pour-derm-101\/"},"modified":"2025-12-31T10:11:08","modified_gmt":"2025-12-31T10:11:08","slug":"piece-a-main-a-commande-de-puissance-a-3-boutons-bovie-pour-derm-101","status":"publish","type":"product","link":"https:\/\/medlinecapitalquote.ca\/fr\/products\/piece-a-main-a-commande-de-puissance-a-3-boutons-bovie-pour-derm-101\/","title":{"rendered":"Pi\u00e8ce \u00e0 main \u00e0 commande de puissance \u00e0 3 boutons Bovie\u00ae pour Derm 101"},"content":{"rendered":"<ul>\n<li>R\u00e9utilisable<\/li>\n<li>Autoclavable<\/li>\n<\/ul>\n","protected":false},"excerpt":{"rendered":"<p>R\u00e9utilisable Autoclavable<\/p>\n","protected":false},"author":3,"featured_media":1321,"template":"","product-categories":[197],"product-rooms":[198],"product-variations":[509,92],"clients":[],"class_list":["post-1522","product","type-product","status-publish","has-post-thumbnail","hentry","product_cat-cautery-and-accessories-fr","product_room-surgery-centre-operating-room-fr","product_variation-pour-derm-101","product_variation-configuration-fr"],"acf":[],"_links":{"self":[{"href":"https:\/\/medlinecapitalquote.ca\/fr\/wp-json\/wp\/v2\/products\/1522","targetHints":{"allow":["GET"]}}],"collection":[{"href":"https:\/\/medlinecapitalquote.ca\/fr\/wp-json\/wp\/v2\/products"}],"about":[{"href":"https:\/\/medlinecapitalquote.ca\/fr\/wp-json\/wp\/v2\/types\/product"}],"author":[{"embeddable":true,"href":"https:\/\/medlinecapitalquote.ca\/fr\/wp-json\/wp\/v2\/users\/3"}],"wp:featuredmedia":[{"embeddable":true,"href":"https:\/\/medlinecapitalquote.ca\/fr\/wp-json\/wp\/v2\/media\/1321"}],"wp:attachment":[{"href":"https:\/\/medlinecapitalquote.ca\/fr\/wp-json\/wp\/v2\/media?parent=1522"}],"wp:term":[{"taxonomy":"product_cat","embeddable":true,"href":"https:\/\/medlinecapitalquote.ca\/fr\/wp-json\/wp\/v2\/product-categories?post=1522"},{"taxonomy":"product_room","embeddable":true,"href":"https:\/\/medlinecapitalquote.ca\/fr\/wp-json\/wp\/v2\/product-rooms?post=1522"},{"taxonomy":"product_variation","embeddable":true,"href":"https:\/\/medlinecapitalquote.ca\/fr\/wp-json\/wp\/v2\/product-variations?post=1522"},{"taxonomy":"client","embeddable":true,"href":"https:\/\/medlinecapitalquote.ca\/fr\/wp-json\/wp\/v2\/clients?post=1522"}],"curies":[{"name":"wp","href":"https:\/\/api.w.org\/{rel}","templated":true}]}}