{"id":1525,"date":"2025-12-25T20:37:54","date_gmt":"2025-12-25T20:37:54","guid":{"rendered":"https:\/\/medlinecapitalquote.ca\/products\/dessiccateur-a-haute-frequence-avec-commande-de-puissance-a-main-bovie-derm\/"},"modified":"2025-12-31T10:15:11","modified_gmt":"2025-12-31T10:15:11","slug":"dessiccateur-a-haute-frequence-avec-commande-de-puissance-a-main-bovie-derm","status":"publish","type":"product","link":"https:\/\/medlinecapitalquote.ca\/fr\/products\/dessiccateur-a-haute-frequence-avec-commande-de-puissance-a-main-bovie-derm\/","title":{"rendered":"Dessiccateur \u00e0 haute fr\u00e9quence avec commande de puissance \u00e0 main Bovie\u00ae Derm"},"content":{"rendered":"<ul>\n<li>Plastique non absorbant, non tachant et r\u00e9sistant aux chocs pour une dur\u00e9e de vie prolong\u00e9e et un nettoyage plus facile<\/li>\n<li>Moins de pi\u00e8ces internes pour un chauffage r\u00e9duit<\/li>\n<\/ul>\n","protected":false},"excerpt":{"rendered":"<p>Plastique non absorbant, non tachant et r\u00e9sistant aux chocs pour  [&#8230;]<\/p>\n","protected":false},"author":3,"featured_media":1323,"template":"","product-categories":[197],"product-rooms":[198],"product-variations":[],"clients":[],"class_list":["post-1525","product","type-product","status-publish","has-post-thumbnail","hentry","product_cat-cautery-and-accessories-fr","product_room-surgery-centre-operating-room-fr"],"acf":[],"_links":{"self":[{"href":"https:\/\/medlinecapitalquote.ca\/fr\/wp-json\/wp\/v2\/products\/1525","targetHints":{"allow":["GET"]}}],"collection":[{"href":"https:\/\/medlinecapitalquote.ca\/fr\/wp-json\/wp\/v2\/products"}],"about":[{"href":"https:\/\/medlinecapitalquote.ca\/fr\/wp-json\/wp\/v2\/types\/product"}],"author":[{"embeddable":true,"href":"https:\/\/medlinecapitalquote.ca\/fr\/wp-json\/wp\/v2\/users\/3"}],"wp:featuredmedia":[{"embeddable":true,"href":"https:\/\/medlinecapitalquote.ca\/fr\/wp-json\/wp\/v2\/media\/1323"}],"wp:attachment":[{"href":"https:\/\/medlinecapitalquote.ca\/fr\/wp-json\/wp\/v2\/media?parent=1525"}],"wp:term":[{"taxonomy":"product_cat","embeddable":true,"href":"https:\/\/medlinecapitalquote.ca\/fr\/wp-json\/wp\/v2\/product-categories?post=1525"},{"taxonomy":"product_room","embeddable":true,"href":"https:\/\/medlinecapitalquote.ca\/fr\/wp-json\/wp\/v2\/product-rooms?post=1525"},{"taxonomy":"product_variation","embeddable":true,"href":"https:\/\/medlinecapitalquote.ca\/fr\/wp-json\/wp\/v2\/product-variations?post=1525"},{"taxonomy":"client","embeddable":true,"href":"https:\/\/medlinecapitalquote.ca\/fr\/wp-json\/wp\/v2\/clients?post=1525"}],"curies":[{"name":"wp","href":"https:\/\/api.w.org\/{rel}","templated":true}]}}